{"id":3407,"date":"2022-08-30T12:37:00","date_gmt":"2022-08-30T10:37:00","guid":{"rendered":"http:\/\/wp1131520.server-he.de\/?page_id=3407"},"modified":"2025-09-08T08:24:23","modified_gmt":"2025-09-08T06:24:23","slug":"schulelternbeirat","status":"publish","type":"page","link":"https:\/\/grundschule-launsbach.de\/startseite-2\/schulelternbeirat\/","title":{"rendered":"Schulelternbeirat"},"content":{"rendered":"\r\n<p>Der Schulelternbeirat setzt sich aus allen Elternbeir\u00e4ten und deren Vertreterinnen und Vertretern von der ersten bis zur vierten Klasse zusammen.<\/p>\r\n\r\n\r\n\r\n<p>Der Schulelternbeirat \u00fcbt das Mitbestimmungsrecht an der Schule aus. Die Wahlperiode erstreckt sich \u00fcber zwei ganze Schuljahre.<\/p>\r\n\r\n\r\n\r\n<p>Der Elternbeirat wird in regelm\u00e4\u00dfigen Abst\u00e4nden von der Schulleitung \u00fcber die wesentlichen Angelegenheiten des Schullebens informiert.<\/p>\r\n\r\n\r\n\r\n<p>In Konfliktf\u00e4llen \u2013 in der Konstellation Sch\u00fclerinnen und Sch\u00fcler, Elternschaft und Schule \u2013 kann der Schulelternbeirat unterst\u00fctzend beraten und zwischen den unterschiedlichen Parteien vermitteln.<\/p>\r\n\r\n\r\n\r\n<p>An der Grundschule Launsbach verwaltet der Schulelternbeirat bzw. ein beauftragter Vertreter die Einnahmen der Elternspende. Diese Einnahmen bestehen aus dem von der Elternschaft gezahlten Kopier-, Papier- und Bastelgeld. <br \/>Daneben flie\u00dfen hier die Einnahmen aus Basaren und Festen zusammen.<\/p>\r\n<p>E-Mail: Elternbeirat@grundschule-launsbach.com<\/p>\r\n\r\n\r\n\r\n<div class=\"wp-block-columns is-layout-flex wp-container-core-columns-is-layout-9d6595d7 wp-block-columns-is-layout-flex\">\r\n<div class=\"wp-block-column is-layout-flow wp-block-column-is-layout-flow\" style=\"flex-basis: 100%;\">\r\n<div class=\"wp-block-columns is-layout-flex wp-container-core-columns-is-layout-9d6595d7 wp-block-columns-is-layout-flex\">\r\n<div class=\"wp-block-column is-layout-flow wp-block-column-is-layout-flow\" style=\"flex-basis: 100%;\">\r\n<figure class=\"wp-block-table alignleft is-style-regular\">\r\n<table>\r\n<tbody>\r\n<tr>\r\n<td><strong>Vorsitzende<\/strong>:<\/td>\r\n<td class=\"has-text-align-left\" data-align=\"left\">Frau Stein<\/td>\r\n<td>\u00a0<\/td>\r\n<\/tr>\r\n<tr>\r\n<td><strong>Vertreter<\/strong>:<\/td>\r\n<td class=\"has-text-align-left\" data-align=\"left\">Herr Tolksdorff<\/td>\r\n<td>\u00a0<\/td>\r\n<\/tr>\r\n<tr>\r\n<td><strong>Elternspende-Konto:<\/strong><\/td>\r\n<td class=\"has-text-align-left\" data-align=\"left\">Frau Cardillo<\/td>\r\n<td>\u00a0<\/td>\r\n<\/tr>\r\n<\/tbody>\r\n<\/table>\r\n<\/figure>\r\n<\/div>\r\n<\/div>\r\n<\/div>\r\n<\/div>\r\n","protected":false},"excerpt":{"rendered":"<p>Der Schulelternbeirat setzt sich aus allen Elternbeir\u00e4ten und deren Vertreterinnen und Vertretern von der ersten bis zur vierten Klasse zusammen.<br \/> Der Schulelternbeirat \u00fcbt das Mitbestimmungsrecht an der Schule aus.<br \/> Die Wahlperiode erstreckt sich \u00fcber zwei ganze Schuljahre.<br \/> Der Elternbeirat wird[\u2026]<\/p>\n","protected":false},"author":1,"featured_media":0,"parent":0,"menu_order":0,"comment_status":"closed","ping_status":"closed","template":"","meta":{"remove_blocks_before_content":false,"remove_blocks_after_content":false,"countdown_timer_date_events":"","om_disable_all_campaigns":false,"kt_blocks_editor_width":"","_monsterinsights_skip_tracking":false,"_monsterinsights_sitenote_active":false,"_monsterinsights_sitenote_note":"","_monsterinsights_sitenote_category":0,"_kadence_starter_templates_imported_post":false,"footnotes":""},"class_list":["post-3407","page","type-page","status-publish","hentry"],"yoast_head":"<!-- This site is optimized with the Yoast SEO plugin v21.8 - https:\/\/yoast.com\/wordpress\/plugins\/seo\/ -->\n<title>Schulelternbeirat - Grundschule Launsbach<\/title>\n<meta name=\"robots\" content=\"index, follow, max-snippet:-1, max-image-preview:large, max-video-preview:-1\" \/>\n<link rel=\"canonical\" href=\"https:\/\/grundschule-launsbach.de\/startseite-2\/schulelternbeirat\/\" \/>\n<meta property=\"og:locale\" content=\"de_DE\" \/>\n<meta property=\"og:type\" content=\"article\" \/>\n<meta property=\"og:title\" content=\"Schulelternbeirat - Grundschule Launsbach\" \/>\n<meta property=\"og:description\" content=\"Der Schulelternbeirat setzt sich aus allen Elternbeir\u00e4ten und deren Vertreterinnen und Vertretern von der ersten bis zur vierten Klasse zusammen. Der Schulelternbeirat \u00fcbt das Mitbestimmungsrecht an der Schule aus. Die Wahlperiode erstreckt sich \u00fcber zwei ganze Schuljahre. Der Elternbeirat wird[\u2026]\" \/>\n<meta property=\"og:url\" content=\"https:\/\/grundschule-launsbach.de\/startseite-2\/schulelternbeirat\/\" \/>\n<meta property=\"og:site_name\" content=\"Grundschule Launsbach\" \/>\n<meta property=\"article:modified_time\" content=\"2025-09-08T06:24:23+00:00\" \/>\n<meta name=\"twitter:card\" content=\"summary_large_image\" \/>\n<meta name=\"twitter:label1\" content=\"Gesch\u00e4tzte Lesezeit\" \/>\n\t<meta name=\"twitter:data1\" content=\"1\u00a0Minute\" \/>\n<script type=\"application\/ld+json\" class=\"yoast-schema-graph\">{\"@context\":\"https:\/\/schema.org\",\"@graph\":[{\"@type\":\"WebPage\",\"@id\":\"https:\/\/grundschule-launsbach.de\/startseite-2\/schulelternbeirat\/\",\"url\":\"https:\/\/grundschule-launsbach.de\/startseite-2\/schulelternbeirat\/\",\"name\":\"Schulelternbeirat - Grundschule Launsbach\",\"isPartOf\":{\"@id\":\"https:\/\/grundschule-launsbach.de\/startseite-2\/#website\"},\"datePublished\":\"2022-08-30T10:37:00+00:00\",\"dateModified\":\"2025-09-08T06:24:23+00:00\",\"breadcrumb\":{\"@id\":\"https:\/\/grundschule-launsbach.de\/startseite-2\/schulelternbeirat\/#breadcrumb\"},\"inLanguage\":\"de\",\"potentialAction\":[{\"@type\":\"ReadAction\",\"target\":[\"https:\/\/grundschule-launsbach.de\/startseite-2\/schulelternbeirat\/\"]}]},{\"@type\":\"BreadcrumbList\",\"@id\":\"https:\/\/grundschule-launsbach.de\/startseite-2\/schulelternbeirat\/#breadcrumb\",\"itemListElement\":[{\"@type\":\"ListItem\",\"position\":1,\"name\":\"Startseite\",\"item\":\"https:\/\/grundschule-launsbach.de\/startseite-2\/\"},{\"@type\":\"ListItem\",\"position\":2,\"name\":\"Schulelternbeirat\"}]},{\"@type\":\"WebSite\",\"@id\":\"https:\/\/grundschule-launsbach.de\/startseite-2\/#website\",\"url\":\"https:\/\/grundschule-launsbach.de\/startseite-2\/\",\"name\":\"Grundschule Launsbach\",\"description\":\"Grundschule mit den Schwerpunkten Natur, Gemeinschaft und Kultur\",\"publisher\":{\"@id\":\"https:\/\/grundschule-launsbach.de\/startseite-2\/#organization\"},\"potentialAction\":[{\"@type\":\"SearchAction\",\"target\":{\"@type\":\"EntryPoint\",\"urlTemplate\":\"https:\/\/grundschule-launsbach.de\/startseite-2\/?s={search_term_string}\"},\"query-input\":\"required name=search_term_string\"}],\"inLanguage\":\"de\"},{\"@type\":\"Organization\",\"@id\":\"https:\/\/grundschule-launsbach.de\/startseite-2\/#organization\",\"name\":\"Grundschule Launsbach\",\"url\":\"https:\/\/grundschule-launsbach.de\/startseite-2\/\",\"logo\":{\"@type\":\"ImageObject\",\"inLanguage\":\"de\",\"@id\":\"https:\/\/grundschule-launsbach.de\/startseite-2\/#\/schema\/logo\/image\/\",\"url\":\"https:\/\/Grundschule-Launsbach.de\/wp-content\/uploads\/2022\/07\/Logo-Launsbach-gelb.png\",\"contentUrl\":\"https:\/\/Grundschule-Launsbach.de\/wp-content\/uploads\/2022\/07\/Logo-Launsbach-gelb.png\",\"width\":250,\"height\":111,\"caption\":\"Grundschule Launsbach\"},\"image\":{\"@id\":\"https:\/\/grundschule-launsbach.de\/startseite-2\/#\/schema\/logo\/image\/\"}}]}<\/script>\n<!-- \/ Yoast SEO plugin. -->","yoast_head_json":{"title":"Schulelternbeirat - Grundschule Launsbach","robots":{"index":"index","follow":"follow","max-snippet":"max-snippet:-1","max-image-preview":"max-image-preview:large","max-video-preview":"max-video-preview:-1"},"canonical":"https:\/\/grundschule-launsbach.de\/startseite-2\/schulelternbeirat\/","og_locale":"de_DE","og_type":"article","og_title":"Schulelternbeirat - Grundschule Launsbach","og_description":"Der Schulelternbeirat setzt sich aus allen Elternbeir\u00e4ten und deren Vertreterinnen und Vertretern von der ersten bis zur vierten Klasse zusammen. Der Schulelternbeirat \u00fcbt das Mitbestimmungsrecht an der Schule aus. Die Wahlperiode erstreckt sich \u00fcber zwei ganze Schuljahre. Der Elternbeirat wird[\u2026]","og_url":"https:\/\/grundschule-launsbach.de\/startseite-2\/schulelternbeirat\/","og_site_name":"Grundschule Launsbach","article_modified_time":"2025-09-08T06:24:23+00:00","twitter_card":"summary_large_image","twitter_misc":{"Gesch\u00e4tzte Lesezeit":"1\u00a0Minute"},"schema":{"@context":"https:\/\/schema.org","@graph":[{"@type":"WebPage","@id":"https:\/\/grundschule-launsbach.de\/startseite-2\/schulelternbeirat\/","url":"https:\/\/grundschule-launsbach.de\/startseite-2\/schulelternbeirat\/","name":"Schulelternbeirat - Grundschule Launsbach","isPartOf":{"@id":"https:\/\/grundschule-launsbach.de\/startseite-2\/#website"},"datePublished":"2022-08-30T10:37:00+00:00","dateModified":"2025-09-08T06:24:23+00:00","breadcrumb":{"@id":"https:\/\/grundschule-launsbach.de\/startseite-2\/schulelternbeirat\/#breadcrumb"},"inLanguage":"de","potentialAction":[{"@type":"ReadAction","target":["https:\/\/grundschule-launsbach.de\/startseite-2\/schulelternbeirat\/"]}]},{"@type":"BreadcrumbList","@id":"https:\/\/grundschule-launsbach.de\/startseite-2\/schulelternbeirat\/#breadcrumb","itemListElement":[{"@type":"ListItem","position":1,"name":"Startseite","item":"https:\/\/grundschule-launsbach.de\/startseite-2\/"},{"@type":"ListItem","position":2,"name":"Schulelternbeirat"}]},{"@type":"WebSite","@id":"https:\/\/grundschule-launsbach.de\/startseite-2\/#website","url":"https:\/\/grundschule-launsbach.de\/startseite-2\/","name":"Grundschule Launsbach","description":"Grundschule mit den Schwerpunkten Natur, Gemeinschaft und Kultur","publisher":{"@id":"https:\/\/grundschule-launsbach.de\/startseite-2\/#organization"},"potentialAction":[{"@type":"SearchAction","target":{"@type":"EntryPoint","urlTemplate":"https:\/\/grundschule-launsbach.de\/startseite-2\/?s={search_term_string}"},"query-input":"required name=search_term_string"}],"inLanguage":"de"},{"@type":"Organization","@id":"https:\/\/grundschule-launsbach.de\/startseite-2\/#organization","name":"Grundschule Launsbach","url":"https:\/\/grundschule-launsbach.de\/startseite-2\/","logo":{"@type":"ImageObject","inLanguage":"de","@id":"https:\/\/grundschule-launsbach.de\/startseite-2\/#\/schema\/logo\/image\/","url":"https:\/\/Grundschule-Launsbach.de\/wp-content\/uploads\/2022\/07\/Logo-Launsbach-gelb.png","contentUrl":"https:\/\/Grundschule-Launsbach.de\/wp-content\/uploads\/2022\/07\/Logo-Launsbach-gelb.png","width":250,"height":111,"caption":"Grundschule Launsbach"},"image":{"@id":"https:\/\/grundschule-launsbach.de\/startseite-2\/#\/schema\/logo\/image\/"}}]}},"_links":{"self":[{"href":"https:\/\/grundschule-launsbach.de\/startseite-2\/wp-json\/wp\/v2\/pages\/3407","targetHints":{"allow":["GET"]}}],"collection":[{"href":"https:\/\/grundschule-launsbach.de\/startseite-2\/wp-json\/wp\/v2\/pages"}],"about":[{"href":"https:\/\/grundschule-launsbach.de\/startseite-2\/wp-json\/wp\/v2\/types\/page"}],"author":[{"embeddable":true,"href":"https:\/\/grundschule-launsbach.de\/startseite-2\/wp-json\/wp\/v2\/users\/1"}],"replies":[{"embeddable":true,"href":"https:\/\/grundschule-launsbach.de\/startseite-2\/wp-json\/wp\/v2\/comments?post=3407"}],"version-history":[{"count":40,"href":"https:\/\/grundschule-launsbach.de\/startseite-2\/wp-json\/wp\/v2\/pages\/3407\/revisions"}],"predecessor-version":[{"id":12436,"href":"https:\/\/grundschule-launsbach.de\/startseite-2\/wp-json\/wp\/v2\/pages\/3407\/revisions\/12436"}],"wp:attachment":[{"href":"https:\/\/grundschule-launsbach.de\/startseite-2\/wp-json\/wp\/v2\/media?parent=3407"}],"curies":[{"name":"wp","href":"https:\/\/api.w.org\/{rel}","templated":true}]}}