{"id":3420,"date":"2022-07-11T13:34:05","date_gmt":"2022-07-11T11:34:05","guid":{"rendered":"http:\/\/wp1131520.server-he.de\/?page_id=3420"},"modified":"2025-09-08T08:29:00","modified_gmt":"2025-09-08T06:29:00","slug":"schulkonferenz","status":"publish","type":"page","link":"https:\/\/grundschule-launsbach.de\/startseite-2\/schulkonferenz\/","title":{"rendered":"Schulkonferenz"},"content":{"rendered":"\r\n<h4 class=\"wp-block-heading\" id=\"zusammensetzung-und-aufgaben-der-schulkonferenz\">Zusammensetzung und Aufgaben der Schulkonferenz<\/h4>\r\n\r\n\r\n\r\n<div class=\"wp-block-columns is-layout-flex wp-container-core-columns-is-layout-9d6595d7 wp-block-columns-is-layout-flex\">\r\n<div class=\"wp-block-column is-layout-flow wp-block-column-is-layout-flow\" style=\"flex-basis: 100%;\">\r\n<div class=\"wp-block-columns is-layout-flex wp-container-core-columns-is-layout-9d6595d7 wp-block-columns-is-layout-flex\">\r\n<div class=\"wp-block-column is-layout-flow wp-block-column-is-layout-flow\" style=\"flex-basis: 100%;\">\r\n<p>Die Schulkonferenz ist das gemeinsame Entscheidungsgremium von Lehrkr\u00e4ften und Eltern.<br>Im Unterschied zu Schulelternbeirat und zur Gesamtkonferenz beraten, diskutieren und entscheiden in der Schulkonferenz Eltern und Lehrkr\u00e4fte gemeinsam \u00fcber zentrale Fragen der Schule. Sie ist das zentrale Entscheidungsorgan, in dem Eltern mitwirken. Sie besteht an der Grundschule Launsbach aus 5 Vertreterinnen und Vertretern der Elternschaft und des Lehrerkollegiums. Der Schulelternbeirat w\u00e4hlt die Elternvertreterinnen und Vertreter aus der Schulelternschaft f\u00fcr die Dauer von 2 Jahren. Gew\u00e4hlt werden k\u00f6nnen alle Eltern, die ein Kind in der Schule haben. Das Amt eines Elternvertreters (Elternbeirat) ist keine Voraussetzung, um in die Schulkonferenz gew\u00e4hlt zu werden. Die Vertreter der Lehrkr\u00e4fte werden von der Gesamtkonferenz gew\u00e4hlt.<\/p>\r\n\r\n\r\n\r\n<h4 class=\"wp-block-heading\" id=\"aufgaben\" id=\"aufgaben\">Aufgaben<\/h4>\r\n\r\n\r\n\r\n<p>Die Schulkonferenz hat die Aufgabe den Zusammenhalt und das gemeinsame Wirken aller an der Schule Beteiligten zu festigen, zu f\u00f6rdern und eine lebendige Erziehungsgemeinschaft zu entwickeln. Eine wichtige Aufgabe der Schulkonferenz ist die Beratung und die Konfliktregelung. Die Beratung umfasst alle wichtigen Angelegenheiten der Schule, z.B. Lehrerversorgung, Unterrichtsqualit\u00e4t, Schulausstattung und vieles mehr. Die Schulkonferenz kann einen wesentlichen Beitrag zur Gestaltung des Schullebens leisten, wenn es ihr gelingt, bei Meinungsverschiedenheiten zu vermitteln und von ihrem Recht in der Konfliktvermittlung Gebrauch zu machen. Au\u00dferdem kann die Schulkonferenz den anderen Konferenzen gegen\u00fcber Empfehlungen aussprechen. Diese m\u00fcssen dann in der n\u00e4chsten Sitzung dar\u00fcber beraten.<\/p>\r\n\r\n\r\n\r\n<h4 class=\"wp-block-heading\" id=\"mitglieder-schulkonferenz\" id=\"mitglieder-schulkonferenz\">Mitglieder Schulkonferenz<\/h4>\r\n\r\n\r\n\r\n<p>Mitglieder der Schulkonferenz sind jeweils mit der H\u00e4lfte der Sitze die Gruppe \u201eLehrkr\u00e4fte\u201c und die Gruppe \u201eEltern\u201c sowie der Schulleitung. \u00a0Die Schulkonferenz wird von der Schulleitung unter Angabe von Ort, Zeit und Tagesordnung mindestens einmal im Schulhalbjahr einberufen. In der Regel finden die Sitzungen nicht vor 19 Uhr statt.<\/p>\r\n\r\n\r\n\r\n<p>Quelle: Landeselternbeirat von Hessen: Wor\u00fcber Eltern in Hessen informiert sein sollten<br><br><\/p>\r\n\r\n\r\n\r\n<p>\u00a0<\/p>\r\n\r\n\r\n\r\n<p>\u00a0<\/p>\r\n<\/div>\r\n<\/div>\r\n<\/div>\r\n<\/div>\r\n","protected":false},"excerpt":{"rendered":"<p>Zusammensetzung und Aufgaben der Schulkonferenz Die Schulkonferenz ist das gemeinsame Entscheidungsgremium von Lehrkr\u00e4ften und Eltern.<br \/>Im Unterschied zu Schulelternbeirat und zur Gesamtkonferenz beraten, diskutieren und entscheiden in der Schulkonferenz Eltern und Lehrkr\u00e4fte gemeinsam \u00fcber zentrale Fragen der Schule.<br \/> Sie ist das[\u2026]<\/p>\n","protected":false},"author":1,"featured_media":0,"parent":0,"menu_order":0,"comment_status":"closed","ping_status":"closed","template":"","meta":{"remove_blocks_before_content":false,"remove_blocks_after_content":false,"countdown_timer_date_events":"","om_disable_all_campaigns":false,"kt_blocks_editor_width":"","_monsterinsights_skip_tracking":false,"_monsterinsights_sitenote_active":false,"_monsterinsights_sitenote_note":"","_monsterinsights_sitenote_category":0,"_kadence_starter_templates_imported_post":false,"footnotes":""},"class_list":["post-3420","page","type-page","status-publish","hentry"],"yoast_head":"<!-- This site is optimized with the Yoast SEO plugin v21.8 - https:\/\/yoast.com\/wordpress\/plugins\/seo\/ -->\n<title>Schulkonferenz - Grundschule Launsbach<\/title>\n<meta name=\"robots\" content=\"index, follow, max-snippet:-1, max-image-preview:large, max-video-preview:-1\" \/>\n<link rel=\"canonical\" href=\"https:\/\/grundschule-launsbach.de\/startseite-2\/schulkonferenz\/\" \/>\n<meta property=\"og:locale\" content=\"de_DE\" \/>\n<meta property=\"og:type\" content=\"article\" \/>\n<meta property=\"og:title\" content=\"Schulkonferenz - Grundschule Launsbach\" \/>\n<meta property=\"og:description\" content=\"Zusammensetzung und Aufgaben der Schulkonferenz Die Schulkonferenz ist das gemeinsame Entscheidungsgremium von Lehrkr\u00e4ften und Eltern.Im Unterschied zu Schulelternbeirat und zur Gesamtkonferenz beraten, diskutieren und entscheiden in der Schulkonferenz Eltern und Lehrkr\u00e4fte gemeinsam \u00fcber zentrale Fragen der Schule. Sie ist das[\u2026]\" \/>\n<meta property=\"og:url\" content=\"https:\/\/grundschule-launsbach.de\/startseite-2\/schulkonferenz\/\" \/>\n<meta property=\"og:site_name\" content=\"Grundschule Launsbach\" \/>\n<meta property=\"article:modified_time\" content=\"2025-09-08T06:29:00+00:00\" \/>\n<meta name=\"twitter:card\" content=\"summary_large_image\" \/>\n<meta name=\"twitter:label1\" content=\"Gesch\u00e4tzte Lesezeit\" \/>\n\t<meta name=\"twitter:data1\" content=\"2\u00a0Minuten\" \/>\n<script type=\"application\/ld+json\" class=\"yoast-schema-graph\">{\"@context\":\"https:\/\/schema.org\",\"@graph\":[{\"@type\":\"WebPage\",\"@id\":\"https:\/\/grundschule-launsbach.de\/startseite-2\/schulkonferenz\/\",\"url\":\"https:\/\/grundschule-launsbach.de\/startseite-2\/schulkonferenz\/\",\"name\":\"Schulkonferenz - Grundschule Launsbach\",\"isPartOf\":{\"@id\":\"https:\/\/grundschule-launsbach.de\/startseite-2\/#website\"},\"datePublished\":\"2022-07-11T11:34:05+00:00\",\"dateModified\":\"2025-09-08T06:29:00+00:00\",\"breadcrumb\":{\"@id\":\"https:\/\/grundschule-launsbach.de\/startseite-2\/schulkonferenz\/#breadcrumb\"},\"inLanguage\":\"de\",\"potentialAction\":[{\"@type\":\"ReadAction\",\"target\":[\"https:\/\/grundschule-launsbach.de\/startseite-2\/schulkonferenz\/\"]}]},{\"@type\":\"BreadcrumbList\",\"@id\":\"https:\/\/grundschule-launsbach.de\/startseite-2\/schulkonferenz\/#breadcrumb\",\"itemListElement\":[{\"@type\":\"ListItem\",\"position\":1,\"name\":\"Startseite\",\"item\":\"https:\/\/grundschule-launsbach.de\/startseite-2\/\"},{\"@type\":\"ListItem\",\"position\":2,\"name\":\"Schulkonferenz\"}]},{\"@type\":\"WebSite\",\"@id\":\"https:\/\/grundschule-launsbach.de\/startseite-2\/#website\",\"url\":\"https:\/\/grundschule-launsbach.de\/startseite-2\/\",\"name\":\"Grundschule Launsbach\",\"description\":\"Grundschule mit den Schwerpunkten Natur, Gemeinschaft und Kultur\",\"publisher\":{\"@id\":\"https:\/\/grundschule-launsbach.de\/startseite-2\/#organization\"},\"potentialAction\":[{\"@type\":\"SearchAction\",\"target\":{\"@type\":\"EntryPoint\",\"urlTemplate\":\"https:\/\/grundschule-launsbach.de\/startseite-2\/?s={search_term_string}\"},\"query-input\":\"required name=search_term_string\"}],\"inLanguage\":\"de\"},{\"@type\":\"Organization\",\"@id\":\"https:\/\/grundschule-launsbach.de\/startseite-2\/#organization\",\"name\":\"Grundschule Launsbach\",\"url\":\"https:\/\/grundschule-launsbach.de\/startseite-2\/\",\"logo\":{\"@type\":\"ImageObject\",\"inLanguage\":\"de\",\"@id\":\"https:\/\/grundschule-launsbach.de\/startseite-2\/#\/schema\/logo\/image\/\",\"url\":\"https:\/\/Grundschule-Launsbach.de\/wp-content\/uploads\/2022\/07\/Logo-Launsbach-gelb.png\",\"contentUrl\":\"https:\/\/Grundschule-Launsbach.de\/wp-content\/uploads\/2022\/07\/Logo-Launsbach-gelb.png\",\"width\":250,\"height\":111,\"caption\":\"Grundschule Launsbach\"},\"image\":{\"@id\":\"https:\/\/grundschule-launsbach.de\/startseite-2\/#\/schema\/logo\/image\/\"}}]}<\/script>\n<!-- \/ Yoast SEO plugin. -->","yoast_head_json":{"title":"Schulkonferenz - Grundschule Launsbach","robots":{"index":"index","follow":"follow","max-snippet":"max-snippet:-1","max-image-preview":"max-image-preview:large","max-video-preview":"max-video-preview:-1"},"canonical":"https:\/\/grundschule-launsbach.de\/startseite-2\/schulkonferenz\/","og_locale":"de_DE","og_type":"article","og_title":"Schulkonferenz - Grundschule Launsbach","og_description":"Zusammensetzung und Aufgaben der Schulkonferenz Die Schulkonferenz ist das gemeinsame Entscheidungsgremium von Lehrkr\u00e4ften und Eltern.Im Unterschied zu Schulelternbeirat und zur Gesamtkonferenz beraten, diskutieren und entscheiden in der Schulkonferenz Eltern und Lehrkr\u00e4fte gemeinsam \u00fcber zentrale Fragen der Schule. Sie ist das[\u2026]","og_url":"https:\/\/grundschule-launsbach.de\/startseite-2\/schulkonferenz\/","og_site_name":"Grundschule Launsbach","article_modified_time":"2025-09-08T06:29:00+00:00","twitter_card":"summary_large_image","twitter_misc":{"Gesch\u00e4tzte Lesezeit":"2\u00a0Minuten"},"schema":{"@context":"https:\/\/schema.org","@graph":[{"@type":"WebPage","@id":"https:\/\/grundschule-launsbach.de\/startseite-2\/schulkonferenz\/","url":"https:\/\/grundschule-launsbach.de\/startseite-2\/schulkonferenz\/","name":"Schulkonferenz - Grundschule Launsbach","isPartOf":{"@id":"https:\/\/grundschule-launsbach.de\/startseite-2\/#website"},"datePublished":"2022-07-11T11:34:05+00:00","dateModified":"2025-09-08T06:29:00+00:00","breadcrumb":{"@id":"https:\/\/grundschule-launsbach.de\/startseite-2\/schulkonferenz\/#breadcrumb"},"inLanguage":"de","potentialAction":[{"@type":"ReadAction","target":["https:\/\/grundschule-launsbach.de\/startseite-2\/schulkonferenz\/"]}]},{"@type":"BreadcrumbList","@id":"https:\/\/grundschule-launsbach.de\/startseite-2\/schulkonferenz\/#breadcrumb","itemListElement":[{"@type":"ListItem","position":1,"name":"Startseite","item":"https:\/\/grundschule-launsbach.de\/startseite-2\/"},{"@type":"ListItem","position":2,"name":"Schulkonferenz"}]},{"@type":"WebSite","@id":"https:\/\/grundschule-launsbach.de\/startseite-2\/#website","url":"https:\/\/grundschule-launsbach.de\/startseite-2\/","name":"Grundschule Launsbach","description":"Grundschule mit den Schwerpunkten Natur, Gemeinschaft und Kultur","publisher":{"@id":"https:\/\/grundschule-launsbach.de\/startseite-2\/#organization"},"potentialAction":[{"@type":"SearchAction","target":{"@type":"EntryPoint","urlTemplate":"https:\/\/grundschule-launsbach.de\/startseite-2\/?s={search_term_string}"},"query-input":"required name=search_term_string"}],"inLanguage":"de"},{"@type":"Organization","@id":"https:\/\/grundschule-launsbach.de\/startseite-2\/#organization","name":"Grundschule Launsbach","url":"https:\/\/grundschule-launsbach.de\/startseite-2\/","logo":{"@type":"ImageObject","inLanguage":"de","@id":"https:\/\/grundschule-launsbach.de\/startseite-2\/#\/schema\/logo\/image\/","url":"https:\/\/Grundschule-Launsbach.de\/wp-content\/uploads\/2022\/07\/Logo-Launsbach-gelb.png","contentUrl":"https:\/\/Grundschule-Launsbach.de\/wp-content\/uploads\/2022\/07\/Logo-Launsbach-gelb.png","width":250,"height":111,"caption":"Grundschule Launsbach"},"image":{"@id":"https:\/\/grundschule-launsbach.de\/startseite-2\/#\/schema\/logo\/image\/"}}]}},"_links":{"self":[{"href":"https:\/\/grundschule-launsbach.de\/startseite-2\/wp-json\/wp\/v2\/pages\/3420","targetHints":{"allow":["GET"]}}],"collection":[{"href":"https:\/\/grundschule-launsbach.de\/startseite-2\/wp-json\/wp\/v2\/pages"}],"about":[{"href":"https:\/\/grundschule-launsbach.de\/startseite-2\/wp-json\/wp\/v2\/types\/page"}],"author":[{"embeddable":true,"href":"https:\/\/grundschule-launsbach.de\/startseite-2\/wp-json\/wp\/v2\/users\/1"}],"replies":[{"embeddable":true,"href":"https:\/\/grundschule-launsbach.de\/startseite-2\/wp-json\/wp\/v2\/comments?post=3420"}],"version-history":[{"count":7,"href":"https:\/\/grundschule-launsbach.de\/startseite-2\/wp-json\/wp\/v2\/pages\/3420\/revisions"}],"predecessor-version":[{"id":12441,"href":"https:\/\/grundschule-launsbach.de\/startseite-2\/wp-json\/wp\/v2\/pages\/3420\/revisions\/12441"}],"wp:attachment":[{"href":"https:\/\/grundschule-launsbach.de\/startseite-2\/wp-json\/wp\/v2\/media?parent=3420"}],"curies":[{"name":"wp","href":"https:\/\/api.w.org\/{rel}","templated":true}]}}