{"id":3476,"date":"2022-07-11T15:53:42","date_gmt":"2022-07-11T13:53:42","guid":{"rendered":"http:\/\/wp1131520.server-he.de\/?page_id=3476"},"modified":"2024-07-18T11:31:43","modified_gmt":"2024-07-18T09:31:43","slug":"beratungs-und-foerderzentrum","status":"publish","type":"page","link":"https:\/\/grundschule-launsbach.de\/startseite-2\/beratungs-und-foerderzentrum\/","title":{"rendered":"Beratungs- und F\u00f6rderzentrum"},"content":{"rendered":"\r\n<h2 class=\"wp-block-heading\" id=\"regionales-beratungs-und-forderzentrum-rbfz\"><strong>Regionales Beratungs- und F\u00f6rderzentrum (rBFZ)<\/strong><\/h2>\r\n\r\n\r\n<style>.wp-block-kadence-advancedheading.kt-adv-heading_f2eee6-26, .wp-block-kadence-advancedheading.kt-adv-heading_f2eee6-26[data-kb-block=\"kb-adv-heading_f2eee6-26\"]{font-style:normal;}.wp-block-kadence-advancedheading.kt-adv-heading_f2eee6-26 mark, .wp-block-kadence-advancedheading.kt-adv-heading_f2eee6-26[data-kb-block=\"kb-adv-heading_f2eee6-26\"] mark{font-style:normal;color:#f76a0c;padding-top:0px;padding-right:0px;padding-bottom:0px;padding-left:0px;}<\/style>\r\n<h2 class=\"kt-adv-heading_f2eee6-26 wp-block-kadence-advancedheading\" data-kb-block=\"kb-adv-heading_f2eee6-26\" id=\"https-www-bfz-gks-de\"><a href=\"https:\/\/www.bfz-gks.de\/\">https:\/\/www.bfz-gks.de\/<\/a><\/h2>\r\n\r\n\r\n\r\n<p>Herzlich willkommen an der Grundschule Launsbach. Wir sind Frau Ohlsen und Herr Bollmann und arbeiten als Beratungs- und F\u00f6rderlehrer des regionalen Beratungs- und F\u00f6rderzentrums der Georg-Kerschensteiner-Schule Biebertal.<br \/>Wir beraten und unterst\u00fctzen die Lehrkr\u00e4fte vor Ort in sonderp\u00e4dagogischen Fragen.<br \/><br \/>Im Rahmen der vorbeugenden Ma\u00dfnahmen f\u00f6rdern wir die dem rBFZ gemeldeten Kinder, die Schwierigkeiten im Lernen, in der sozial-emotionalen Entwicklung oder der Sprache haben.<br \/><br \/>Zudem begleiten wir Kinder in der inklusiven Beschulung mit Anspruch auf sonderp\u00e4dagogische F\u00f6rderung, die auf ihrem F\u00e4higkeitsniveau \u00a0unterst\u00fctzt \u00a0werden.<br \/><br \/>Der Teamgedanke hat f\u00fcr unsere Arbeit eine zentrale Bedeutung: Eine vertrauensvolle Zusammenarbeit mit den Lehrkr\u00e4ften, den Erziehungsberechtigten und den au\u00dferschulischen Unterst\u00fctzungssystemen schafft die Voraussetzung, um so eine bestm\u00f6gliche F\u00f6rderung f\u00fcr das Kind zu erreichen.<\/p>\r\n\r\n\r\n\r\n<figure class=\"wp-block-image size-medium\"><img decoding=\"async\" width=\"300\" height=\"77\" class=\"wp-image-3484\" src=\"https:\/\/Grundschule-Launsbach.de\/wp-content\/uploads\/2022\/07\/Sonderpaedagogische_Foerder-300x77.jpg\" alt=\"Sonderp\u00e4dagogik\" srcset=\"https:\/\/Grundschule-Launsbach.de\/wp-content\/uploads\/2022\/07\/Sonderpaedagogische_Foerder-300x77.jpg 300w, https:\/\/Grundschule-Launsbach.de\/wp-content\/uploads\/2022\/07\/Sonderpaedagogische_Foerder.jpg 631w\" sizes=\"(max-width: 300px) 100vw, 300px\" \/><\/figure>\r\n\r\n\r\n<style>.wp-block-kadence-advancedheading.kt-adv-heading_35821f-3d, .wp-block-kadence-advancedheading.kt-adv-heading_35821f-3d[data-kb-block=\"kb-adv-heading_35821f-3d\"]{font-style:normal;}.wp-block-kadence-advancedheading.kt-adv-heading_35821f-3d mark, .wp-block-kadence-advancedheading.kt-adv-heading_35821f-3d[data-kb-block=\"kb-adv-heading_35821f-3d\"] mark{font-style:normal;color:#f76a0c;padding-top:0px;padding-right:0px;padding-bottom:0px;padding-left:0px;}<\/style>\r\n<h2 class=\"kt-adv-heading_35821f-3d wp-block-kadence-advancedheading\" data-kb-block=\"kb-adv-heading_35821f-3d\" id=\"angebote-des-regionalen-beratungs-und-forderzentrums\"><strong>Angebote des regionalen Beratungs- und F\u00f6rderzentrums<\/strong><\/h2>\r\n\r\n\r\n\r\n<ul class=\"wp-block-list\">\r\n<li>Anamnese<\/li>\r\n\r\n\r\n\r\n<li>Hospitation in der Schulklasse<\/li>\r\n\r\n\r\n\r\n<li>Einzel- und Gruppengespr\u00e4che mit Eltern, Lehrern und Sch\u00fclern<\/li>\r\n\r\n\r\n\r\n<li>Lern-, Sprachstands- und Verhaltensdiagnosen<\/li>\r\n\r\n\r\n\r\n<li>Erhebung des emotionalen und sozialen Entwicklungsstands<\/li>\r\n\r\n\r\n\r\n<li>Kind-Umfeld-Analyse<\/li>\r\n\r\n\r\n\r\n<li>Erstellen eines St\u00e4rkenprofils<\/li>\r\n\r\n\r\n\r\n<li>Hilfe und Begleitung bei der Erstellung individueller F\u00f6rder- und Entwicklungspl\u00e4ne<\/li>\r\n\r\n\r\n\r\n<li>Beratung bei der Erstellung eines Nachteilsausgleichs\u00a0\u00a0<\/li>\r\n\r\n\r\n\r\n<li>Team-Teaching<\/li>\r\n\r\n\r\n\r\n<li>Classroom \u2013 Management zur Verbesserung des Klassenklimas, der Lernatmosph\u00e4re und des Arbeitsverhaltens\u00a0\u00a0\u00a0\u00a0\u00a0\u00a0\u00a0\u00a0\u00a0\u00a0\u00a0\u00a0\u00a0\u00a0\u00a0\u00a0\u00a0\u00a0\u00a0\u00a0\u00a0\u00a0\u00a0\u00a0\u00a0\u00a0\u00a0\u00a0\u00a0\u00a0\u00a0\u00a0\u00a0\u00a0\u00a0\u00a0\u00a0\u00a0\u00a0\u00a0\u00a0\u00a0\u00a0\u00a0<\/li>\r\n\r\n\r\n\r\n<li>Vorschl\u00e4ge bei der Differenzierung der Unterrichtsmaterialien<\/li>\r\n\r\n\r\n\r\n<li>Beschaffung apparativer Hilfsmittel<\/li>\r\n\r\n\r\n\r\n<li>F\u00f6rderung der Sch\u00fclerinnen und Sch\u00fclern in ihrem Klassenverband, in der Kleingruppe oder in Einzelf\u00f6rderung<\/li>\r\n\r\n\r\n\r\n<li>Sonderp\u00e4dagogische Beratung f\u00fcr Eltern, auch bez\u00fcglich inner- und au\u00dferschulischer Hilfsangebote<\/li>\r\n\r\n\r\n\r\n<li>Kooperation mit anderen Institutionen (Schulpsychologen, Kinder- und Jugendpsychotherapeuten, Lern- und Ergotherapeuten, \u00fcberregionale Beratungs- und F\u00f6rderzentren, \u00c4rzten, Logop\u00e4den, Jugendamt, Beratungsstellen, \u2026)<\/li>\r\n\r\n\r\n\r\n<li>Beratung des \u00dcbergangs Kindergarten zur Grundschule<\/li>\r\n\r\n\r\n\r\n<li>Beratung des \u00dcbergangs Grundschule zur weiterf\u00fchrenden Schule<\/li>\r\n\r\n\r\n\r\n<li>Pr\u00e4ventive Arbeit mit Regelsch\u00fclern innerhalb der vorbeugenden Ma\u00dfnahmen<\/li>\r\n\r\n\r\n\r\n<li>Durchf\u00fchrung von F\u00f6rderaussch\u00fcssen<\/li>\r\n\r\n\r\n\r\n<li>Begleitung und Unterst\u00fctzung der inklusiven Beschulung<\/li>\r\n<\/ul>\r\n\r\n\r\n\r\n<div class=\"wp-block-columns is-layout-flex wp-container-core-columns-is-layout-9d6595d7 wp-block-columns-is-layout-flex\">\r\n<div class=\"wp-block-column is-layout-flow wp-block-column-is-layout-flow\" style=\"flex-basis: 100%;\">\r\n<p>Das regionale Beratungs- und F\u00f6rderzentrum der Georg-Kerschensteiner-Schule bildet in Kooperation mit den Regelschulen im n\u00f6rdlichen Bezirk des Schulamtes f\u00fcr den Landkreis Gie\u00dfen und den Vogelsbergkreis ein inklusives Schulb\u00fcndnis. Mit sonderp\u00e4dagogischen Angeboten unterst\u00fctzt das rBFZ die Regelschulen bei der Gestaltung und Realisierung inklusiver Konzepte in folgenden Regionen: \u00a0<\/p>\r\n<\/div>\r\n<\/div>\r\n\r\n\r\n\r\n<figure class=\"wp-block-image size-medium\"><img fetchpriority=\"high\" decoding=\"async\" width=\"300\" height=\"237\" class=\"wp-image-3481\" src=\"https:\/\/Grundschule-Launsbach.de\/wp-content\/uploads\/2022\/07\/Beratungszentrum-300x237.jpg\" alt=\"Beratungszentrum\" srcset=\"https:\/\/Grundschule-Launsbach.de\/wp-content\/uploads\/2022\/07\/Beratungszentrum-300x237.jpg 300w, https:\/\/Grundschule-Launsbach.de\/wp-content\/uploads\/2022\/07\/Beratungszentrum.jpg 532w\" sizes=\"(max-width: 300px) 100vw, 300px\" \/><\/figure>\r\n\r\n\r\n\r\n<p><strong>Sie k\u00f6nnen uns \u00fcber folgende Email-Adressen erreichen:<\/strong><\/p>\r\n\r\n\r\n\r\n<p><a href=\"mailto:nicoleohlsen@bfz-gks.de\">nicoleohlsen@bfz-gks.de<\/a><br \/><br \/><\/p>\r\n","protected":false},"excerpt":{"rendered":"<p>Regionales Beratungs- und F\u00f6rderzentrum (rBFZ) https:\/\/www.<br \/>bfz-gks.<br \/>de\/ Herzlich willkommen an der Grundschule Launsbach.<br \/> Wir sind Frau Ohlsen und Herr Bollmann und arbeiten als Beratungs- und F\u00f6rderlehrer des regionalen Beratungs- und F\u00f6rderzentrums der Georg-Kerschensteiner-Schule Biebertal.<br \/>Wir beraten und unterst\u00fctzen die Lehrkr\u00e4fte vor Ort[\u2026]<\/p>\n","protected":false},"author":1,"featured_media":0,"parent":0,"menu_order":0,"comment_status":"closed","ping_status":"closed","template":"page-fullwidth.php","meta":{"remove_blocks_before_content":false,"remove_blocks_after_content":false,"countdown_timer_date_events":"","om_disable_all_campaigns":false,"kt_blocks_editor_width":"","_monsterinsights_skip_tracking":false,"_monsterinsights_sitenote_active":false,"_monsterinsights_sitenote_note":"","_monsterinsights_sitenote_category":0,"_kadence_starter_templates_imported_post":false,"footnotes":""},"class_list":["post-3476","page","type-page","status-publish","hentry"],"yoast_head":"<!-- This site is optimized with the Yoast SEO plugin v21.8 - https:\/\/yoast.com\/wordpress\/plugins\/seo\/ -->\n<title>Beratungs- und F\u00f6rderzentrum - Grundschule Launsbach<\/title>\n<meta name=\"robots\" content=\"index, follow, max-snippet:-1, max-image-preview:large, max-video-preview:-1\" \/>\n<link rel=\"canonical\" href=\"https:\/\/grundschule-launsbach.de\/startseite-2\/beratungs-und-foerderzentrum\/\" \/>\n<meta property=\"og:locale\" content=\"de_DE\" \/>\n<meta property=\"og:type\" content=\"article\" \/>\n<meta property=\"og:title\" content=\"Beratungs- und F\u00f6rderzentrum - Grundschule Launsbach\" \/>\n<meta property=\"og:description\" content=\"Regionales Beratungs- und F\u00f6rderzentrum (rBFZ) https:\/\/www.bfz-gks.de\/ Herzlich willkommen an der Grundschule Launsbach. Wir sind Frau Ohlsen und Herr Bollmann und arbeiten als Beratungs- und F\u00f6rderlehrer des regionalen Beratungs- und F\u00f6rderzentrums der Georg-Kerschensteiner-Schule Biebertal.Wir beraten und unterst\u00fctzen die Lehrkr\u00e4fte vor Ort[\u2026]\" \/>\n<meta property=\"og:url\" content=\"https:\/\/grundschule-launsbach.de\/startseite-2\/beratungs-und-foerderzentrum\/\" \/>\n<meta property=\"og:site_name\" content=\"Grundschule Launsbach\" \/>\n<meta property=\"article:modified_time\" content=\"2024-07-18T09:31:43+00:00\" \/>\n<meta property=\"og:image\" content=\"https:\/\/Grundschule-Launsbach.de\/wp-content\/uploads\/2022\/07\/Sonderpaedagogische_Foerder-300x77.jpg\" \/>\n<meta name=\"twitter:card\" content=\"summary_large_image\" \/>\n<meta name=\"twitter:label1\" content=\"Gesch\u00e4tzte Lesezeit\" \/>\n\t<meta name=\"twitter:data1\" content=\"3\u00a0Minuten\" \/>\n<script type=\"application\/ld+json\" class=\"yoast-schema-graph\">{\"@context\":\"https:\/\/schema.org\",\"@graph\":[{\"@type\":\"WebPage\",\"@id\":\"https:\/\/grundschule-launsbach.de\/startseite-2\/beratungs-und-foerderzentrum\/\",\"url\":\"https:\/\/grundschule-launsbach.de\/startseite-2\/beratungs-und-foerderzentrum\/\",\"name\":\"Beratungs- und F\u00f6rderzentrum - Grundschule Launsbach\",\"isPartOf\":{\"@id\":\"https:\/\/grundschule-launsbach.de\/startseite-2\/#website\"},\"datePublished\":\"2022-07-11T13:53:42+00:00\",\"dateModified\":\"2024-07-18T09:31:43+00:00\",\"breadcrumb\":{\"@id\":\"https:\/\/grundschule-launsbach.de\/startseite-2\/beratungs-und-foerderzentrum\/#breadcrumb\"},\"inLanguage\":\"de\",\"potentialAction\":[{\"@type\":\"ReadAction\",\"target\":[\"https:\/\/grundschule-launsbach.de\/startseite-2\/beratungs-und-foerderzentrum\/\"]}]},{\"@type\":\"BreadcrumbList\",\"@id\":\"https:\/\/grundschule-launsbach.de\/startseite-2\/beratungs-und-foerderzentrum\/#breadcrumb\",\"itemListElement\":[{\"@type\":\"ListItem\",\"position\":1,\"name\":\"Startseite\",\"item\":\"https:\/\/grundschule-launsbach.de\/startseite-2\/\"},{\"@type\":\"ListItem\",\"position\":2,\"name\":\"Beratungs- und F\u00f6rderzentrum\"}]},{\"@type\":\"WebSite\",\"@id\":\"https:\/\/grundschule-launsbach.de\/startseite-2\/#website\",\"url\":\"https:\/\/grundschule-launsbach.de\/startseite-2\/\",\"name\":\"Grundschule Launsbach\",\"description\":\"Grundschule mit den Schwerpunkten Natur, Gemeinschaft und Kultur\",\"publisher\":{\"@id\":\"https:\/\/grundschule-launsbach.de\/startseite-2\/#organization\"},\"potentialAction\":[{\"@type\":\"SearchAction\",\"target\":{\"@type\":\"EntryPoint\",\"urlTemplate\":\"https:\/\/grundschule-launsbach.de\/startseite-2\/?s={search_term_string}\"},\"query-input\":\"required name=search_term_string\"}],\"inLanguage\":\"de\"},{\"@type\":\"Organization\",\"@id\":\"https:\/\/grundschule-launsbach.de\/startseite-2\/#organization\",\"name\":\"Grundschule Launsbach\",\"url\":\"https:\/\/grundschule-launsbach.de\/startseite-2\/\",\"logo\":{\"@type\":\"ImageObject\",\"inLanguage\":\"de\",\"@id\":\"https:\/\/grundschule-launsbach.de\/startseite-2\/#\/schema\/logo\/image\/\",\"url\":\"https:\/\/Grundschule-Launsbach.de\/wp-content\/uploads\/2022\/07\/Logo-Launsbach-gelb.png\",\"contentUrl\":\"https:\/\/Grundschule-Launsbach.de\/wp-content\/uploads\/2022\/07\/Logo-Launsbach-gelb.png\",\"width\":250,\"height\":111,\"caption\":\"Grundschule Launsbach\"},\"image\":{\"@id\":\"https:\/\/grundschule-launsbach.de\/startseite-2\/#\/schema\/logo\/image\/\"}}]}<\/script>\n<!-- \/ Yoast SEO plugin. -->","yoast_head_json":{"title":"Beratungs- und F\u00f6rderzentrum - Grundschule Launsbach","robots":{"index":"index","follow":"follow","max-snippet":"max-snippet:-1","max-image-preview":"max-image-preview:large","max-video-preview":"max-video-preview:-1"},"canonical":"https:\/\/grundschule-launsbach.de\/startseite-2\/beratungs-und-foerderzentrum\/","og_locale":"de_DE","og_type":"article","og_title":"Beratungs- und F\u00f6rderzentrum - Grundschule Launsbach","og_description":"Regionales Beratungs- und F\u00f6rderzentrum (rBFZ) https:\/\/www.bfz-gks.de\/ Herzlich willkommen an der Grundschule Launsbach. Wir sind Frau Ohlsen und Herr Bollmann und arbeiten als Beratungs- und F\u00f6rderlehrer des regionalen Beratungs- und F\u00f6rderzentrums der Georg-Kerschensteiner-Schule Biebertal.Wir beraten und unterst\u00fctzen die Lehrkr\u00e4fte vor Ort[\u2026]","og_url":"https:\/\/grundschule-launsbach.de\/startseite-2\/beratungs-und-foerderzentrum\/","og_site_name":"Grundschule Launsbach","article_modified_time":"2024-07-18T09:31:43+00:00","og_image":[{"url":"https:\/\/Grundschule-Launsbach.de\/wp-content\/uploads\/2022\/07\/Sonderpaedagogische_Foerder-300x77.jpg"}],"twitter_card":"summary_large_image","twitter_misc":{"Gesch\u00e4tzte Lesezeit":"3\u00a0Minuten"},"schema":{"@context":"https:\/\/schema.org","@graph":[{"@type":"WebPage","@id":"https:\/\/grundschule-launsbach.de\/startseite-2\/beratungs-und-foerderzentrum\/","url":"https:\/\/grundschule-launsbach.de\/startseite-2\/beratungs-und-foerderzentrum\/","name":"Beratungs- und F\u00f6rderzentrum - Grundschule Launsbach","isPartOf":{"@id":"https:\/\/grundschule-launsbach.de\/startseite-2\/#website"},"datePublished":"2022-07-11T13:53:42+00:00","dateModified":"2024-07-18T09:31:43+00:00","breadcrumb":{"@id":"https:\/\/grundschule-launsbach.de\/startseite-2\/beratungs-und-foerderzentrum\/#breadcrumb"},"inLanguage":"de","potentialAction":[{"@type":"ReadAction","target":["https:\/\/grundschule-launsbach.de\/startseite-2\/beratungs-und-foerderzentrum\/"]}]},{"@type":"BreadcrumbList","@id":"https:\/\/grundschule-launsbach.de\/startseite-2\/beratungs-und-foerderzentrum\/#breadcrumb","itemListElement":[{"@type":"ListItem","position":1,"name":"Startseite","item":"https:\/\/grundschule-launsbach.de\/startseite-2\/"},{"@type":"ListItem","position":2,"name":"Beratungs- und F\u00f6rderzentrum"}]},{"@type":"WebSite","@id":"https:\/\/grundschule-launsbach.de\/startseite-2\/#website","url":"https:\/\/grundschule-launsbach.de\/startseite-2\/","name":"Grundschule Launsbach","description":"Grundschule mit den Schwerpunkten Natur, Gemeinschaft und Kultur","publisher":{"@id":"https:\/\/grundschule-launsbach.de\/startseite-2\/#organization"},"potentialAction":[{"@type":"SearchAction","target":{"@type":"EntryPoint","urlTemplate":"https:\/\/grundschule-launsbach.de\/startseite-2\/?s={search_term_string}"},"query-input":"required name=search_term_string"}],"inLanguage":"de"},{"@type":"Organization","@id":"https:\/\/grundschule-launsbach.de\/startseite-2\/#organization","name":"Grundschule Launsbach","url":"https:\/\/grundschule-launsbach.de\/startseite-2\/","logo":{"@type":"ImageObject","inLanguage":"de","@id":"https:\/\/grundschule-launsbach.de\/startseite-2\/#\/schema\/logo\/image\/","url":"https:\/\/Grundschule-Launsbach.de\/wp-content\/uploads\/2022\/07\/Logo-Launsbach-gelb.png","contentUrl":"https:\/\/Grundschule-Launsbach.de\/wp-content\/uploads\/2022\/07\/Logo-Launsbach-gelb.png","width":250,"height":111,"caption":"Grundschule Launsbach"},"image":{"@id":"https:\/\/grundschule-launsbach.de\/startseite-2\/#\/schema\/logo\/image\/"}}]}},"_links":{"self":[{"href":"https:\/\/grundschule-launsbach.de\/startseite-2\/wp-json\/wp\/v2\/pages\/3476","targetHints":{"allow":["GET"]}}],"collection":[{"href":"https:\/\/grundschule-launsbach.de\/startseite-2\/wp-json\/wp\/v2\/pages"}],"about":[{"href":"https:\/\/grundschule-launsbach.de\/startseite-2\/wp-json\/wp\/v2\/types\/page"}],"author":[{"embeddable":true,"href":"https:\/\/grundschule-launsbach.de\/startseite-2\/wp-json\/wp\/v2\/users\/1"}],"replies":[{"embeddable":true,"href":"https:\/\/grundschule-launsbach.de\/startseite-2\/wp-json\/wp\/v2\/comments?post=3476"}],"version-history":[{"count":13,"href":"https:\/\/grundschule-launsbach.de\/startseite-2\/wp-json\/wp\/v2\/pages\/3476\/revisions"}],"predecessor-version":[{"id":6497,"href":"https:\/\/grundschule-launsbach.de\/startseite-2\/wp-json\/wp\/v2\/pages\/3476\/revisions\/6497"}],"wp:attachment":[{"href":"https:\/\/grundschule-launsbach.de\/startseite-2\/wp-json\/wp\/v2\/media?parent=3476"}],"curies":[{"name":"wp","href":"https:\/\/api.w.org\/{rel}","templated":true}]}}