{"id":3529,"date":"2022-07-11T17:58:07","date_gmt":"2022-07-11T15:58:07","guid":{"rendered":"http:\/\/wp1131520.server-he.de\/?page_id=3529"},"modified":"2025-09-08T08:11:13","modified_gmt":"2025-09-08T06:11:13","slug":"unsere-schule","status":"publish","type":"page","link":"https:\/\/grundschule-launsbach.de\/startseite-2\/unsere-schule\/","title":{"rendered":"Unsere Schule"},"content":{"rendered":"\r\n<p>Die Grundschule Launsbach wurde am heutigen Standort in den f\u00fcnfziger Jahren als Volksschule errichtet. Die ehemalige Dorfschule \u2013 das Backsteingeb\u00e4ude im Ortskern \u2013 war von den R\u00e4umlichkeiten an seine Grenzen gekommen.<\/p>\r\n\r\n\r\n\r\n<p>Mit der baulichen Entwicklung des Dorfes ist auch die Sch\u00fclerzahl gestiegen. Heute besuchen die Grundschule Launsbach rund 110\u00a0 Sch\u00fclerinnen und Sch\u00fcler\u00a0 \u2013 d.h. wir sind eine kleine Schule im Landkreis Gie\u00dfen, in der ein famili\u00e4res Lernklima herrscht. Wir f\u00f6rdern und unterst\u00fctzen alle Kinder in ihrer individuellen Entwicklung.<\/p>\r\n\r\n\r\n\r\n<p>Zurzeit unterrichten an unserer Schule 10 Lehrkr\u00e4fte 6 Klassen.<\/p>\r\n\r\n\r\n\r\n<p>Wir arbeiten kompetenzorientiert, phasenweise jahrgangs\u00fcbergreifend und unterst\u00fctzen die Kinder beim selbstst\u00e4ndigen Lernen und Erschlie\u00dfen der Welt. Daneben legen wir einen gro\u00dfen Wert auf das Reflektieren des Gelernten. Im Rahmen der\u00a0<strong>Portfolioarbeit\u00a0<\/strong> arbeiten die Sch\u00fclerinnen und Sch\u00fcler 1 Woche an einem selbst gew\u00e4hlten Thema und erstellen dazu ein Plakat und ein Kunstwerk. Die Ergebnisse werden dann an unserem Portfoliofest einem breiten Publikum pr\u00e4sentiert.<\/p>\r\n\r\n\r\n\r\n<p>Unsere Schule bietet zahlreiche Lernr\u00e4ume, die das Lernen attraktiv machen: eine <strong>Schulbibliothek<\/strong>, unseren <strong>Schulgarten<\/strong> sowie einen gut ausgestatteten<strong> Kunst- und Werkraum.<\/strong> Alle Klassenr\u00e4ume verf\u00fcgen \u00fcber Smartboards.<\/p>\r\n\r\n\r\n\r\n<p>Der Sportunterricht findet in der <strong>Sporthalle<\/strong> des angrenzenden B\u00fcrgerhauses oder auf dem<strong> Kunstrasenplatz <\/strong>statt.<\/p>\r\n","protected":false},"excerpt":{"rendered":"<p>Die Grundschule Launsbach wurde am heutigen Standort in den f\u00fcnfziger Jahren als Volksschule errichtet.<br \/> Die ehemalige Dorfschule \u2013 das Backsteingeb\u00e4ude im Ortskern \u2013 war von den R\u00e4umlichkeiten an seine Grenzen gekommen.<br \/> Mit der baulichen Entwicklung des Dorfes ist auch die[\u2026]<\/p>\n","protected":false},"author":1,"featured_media":0,"parent":0,"menu_order":0,"comment_status":"closed","ping_status":"closed","template":"page-portfolio.php","meta":{"remove_blocks_before_content":false,"remove_blocks_after_content":false,"countdown_timer_date_events":"","om_disable_all_campaigns":false,"kt_blocks_editor_width":"","_monsterinsights_skip_tracking":false,"_monsterinsights_sitenote_active":false,"_monsterinsights_sitenote_note":"","_monsterinsights_sitenote_category":0,"_kadence_starter_templates_imported_post":false,"footnotes":""},"class_list":["post-3529","page","type-page","status-publish","hentry"],"yoast_head":"<!-- This site is optimized with the Yoast SEO plugin v21.8 - https:\/\/yoast.com\/wordpress\/plugins\/seo\/ -->\n<title>Unsere Schule - Grundschule Launsbach<\/title>\n<meta name=\"robots\" content=\"index, follow, max-snippet:-1, max-image-preview:large, max-video-preview:-1\" \/>\n<link rel=\"canonical\" href=\"https:\/\/grundschule-launsbach.de\/startseite-2\/unsere-schule\/\" \/>\n<meta property=\"og:locale\" content=\"de_DE\" \/>\n<meta property=\"og:type\" content=\"article\" \/>\n<meta property=\"og:title\" content=\"Unsere Schule - Grundschule Launsbach\" \/>\n<meta property=\"og:description\" content=\"Die Grundschule Launsbach wurde am heutigen Standort in den f\u00fcnfziger Jahren als Volksschule errichtet. Die ehemalige Dorfschule \u2013 das Backsteingeb\u00e4ude im Ortskern \u2013 war von den R\u00e4umlichkeiten an seine Grenzen gekommen. Mit der baulichen Entwicklung des Dorfes ist auch die[\u2026]\" \/>\n<meta property=\"og:url\" content=\"https:\/\/grundschule-launsbach.de\/startseite-2\/unsere-schule\/\" \/>\n<meta property=\"og:site_name\" content=\"Grundschule Launsbach\" \/>\n<meta property=\"article:modified_time\" content=\"2025-09-08T06:11:13+00:00\" \/>\n<meta name=\"twitter:card\" content=\"summary_large_image\" \/>\n<meta name=\"twitter:label1\" content=\"Gesch\u00e4tzte Lesezeit\" \/>\n\t<meta name=\"twitter:data1\" content=\"2\u00a0Minuten\" \/>\n<script type=\"application\/ld+json\" class=\"yoast-schema-graph\">{\"@context\":\"https:\/\/schema.org\",\"@graph\":[{\"@type\":\"WebPage\",\"@id\":\"https:\/\/grundschule-launsbach.de\/startseite-2\/unsere-schule\/\",\"url\":\"https:\/\/grundschule-launsbach.de\/startseite-2\/unsere-schule\/\",\"name\":\"Unsere Schule - Grundschule Launsbach\",\"isPartOf\":{\"@id\":\"https:\/\/grundschule-launsbach.de\/startseite-2\/#website\"},\"datePublished\":\"2022-07-11T15:58:07+00:00\",\"dateModified\":\"2025-09-08T06:11:13+00:00\",\"breadcrumb\":{\"@id\":\"https:\/\/grundschule-launsbach.de\/startseite-2\/unsere-schule\/#breadcrumb\"},\"inLanguage\":\"de\",\"potentialAction\":[{\"@type\":\"ReadAction\",\"target\":[\"https:\/\/grundschule-launsbach.de\/startseite-2\/unsere-schule\/\"]}]},{\"@type\":\"BreadcrumbList\",\"@id\":\"https:\/\/grundschule-launsbach.de\/startseite-2\/unsere-schule\/#breadcrumb\",\"itemListElement\":[{\"@type\":\"ListItem\",\"position\":1,\"name\":\"Startseite\",\"item\":\"https:\/\/grundschule-launsbach.de\/startseite-2\/\"},{\"@type\":\"ListItem\",\"position\":2,\"name\":\"Unsere Schule\"}]},{\"@type\":\"WebSite\",\"@id\":\"https:\/\/grundschule-launsbach.de\/startseite-2\/#website\",\"url\":\"https:\/\/grundschule-launsbach.de\/startseite-2\/\",\"name\":\"Grundschule Launsbach\",\"description\":\"Grundschule mit den Schwerpunkten Natur, Gemeinschaft und Kultur\",\"publisher\":{\"@id\":\"https:\/\/grundschule-launsbach.de\/startseite-2\/#organization\"},\"potentialAction\":[{\"@type\":\"SearchAction\",\"target\":{\"@type\":\"EntryPoint\",\"urlTemplate\":\"https:\/\/grundschule-launsbach.de\/startseite-2\/?s={search_term_string}\"},\"query-input\":\"required name=search_term_string\"}],\"inLanguage\":\"de\"},{\"@type\":\"Organization\",\"@id\":\"https:\/\/grundschule-launsbach.de\/startseite-2\/#organization\",\"name\":\"Grundschule Launsbach\",\"url\":\"https:\/\/grundschule-launsbach.de\/startseite-2\/\",\"logo\":{\"@type\":\"ImageObject\",\"inLanguage\":\"de\",\"@id\":\"https:\/\/grundschule-launsbach.de\/startseite-2\/#\/schema\/logo\/image\/\",\"url\":\"https:\/\/Grundschule-Launsbach.de\/wp-content\/uploads\/2022\/07\/Logo-Launsbach-gelb.png\",\"contentUrl\":\"https:\/\/Grundschule-Launsbach.de\/wp-content\/uploads\/2022\/07\/Logo-Launsbach-gelb.png\",\"width\":250,\"height\":111,\"caption\":\"Grundschule Launsbach\"},\"image\":{\"@id\":\"https:\/\/grundschule-launsbach.de\/startseite-2\/#\/schema\/logo\/image\/\"}}]}<\/script>\n<!-- \/ Yoast SEO plugin. -->","yoast_head_json":{"title":"Unsere Schule - Grundschule Launsbach","robots":{"index":"index","follow":"follow","max-snippet":"max-snippet:-1","max-image-preview":"max-image-preview:large","max-video-preview":"max-video-preview:-1"},"canonical":"https:\/\/grundschule-launsbach.de\/startseite-2\/unsere-schule\/","og_locale":"de_DE","og_type":"article","og_title":"Unsere Schule - Grundschule Launsbach","og_description":"Die Grundschule Launsbach wurde am heutigen Standort in den f\u00fcnfziger Jahren als Volksschule errichtet. Die ehemalige Dorfschule \u2013 das Backsteingeb\u00e4ude im Ortskern \u2013 war von den R\u00e4umlichkeiten an seine Grenzen gekommen. Mit der baulichen Entwicklung des Dorfes ist auch die[\u2026]","og_url":"https:\/\/grundschule-launsbach.de\/startseite-2\/unsere-schule\/","og_site_name":"Grundschule Launsbach","article_modified_time":"2025-09-08T06:11:13+00:00","twitter_card":"summary_large_image","twitter_misc":{"Gesch\u00e4tzte Lesezeit":"2\u00a0Minuten"},"schema":{"@context":"https:\/\/schema.org","@graph":[{"@type":"WebPage","@id":"https:\/\/grundschule-launsbach.de\/startseite-2\/unsere-schule\/","url":"https:\/\/grundschule-launsbach.de\/startseite-2\/unsere-schule\/","name":"Unsere Schule - Grundschule Launsbach","isPartOf":{"@id":"https:\/\/grundschule-launsbach.de\/startseite-2\/#website"},"datePublished":"2022-07-11T15:58:07+00:00","dateModified":"2025-09-08T06:11:13+00:00","breadcrumb":{"@id":"https:\/\/grundschule-launsbach.de\/startseite-2\/unsere-schule\/#breadcrumb"},"inLanguage":"de","potentialAction":[{"@type":"ReadAction","target":["https:\/\/grundschule-launsbach.de\/startseite-2\/unsere-schule\/"]}]},{"@type":"BreadcrumbList","@id":"https:\/\/grundschule-launsbach.de\/startseite-2\/unsere-schule\/#breadcrumb","itemListElement":[{"@type":"ListItem","position":1,"name":"Startseite","item":"https:\/\/grundschule-launsbach.de\/startseite-2\/"},{"@type":"ListItem","position":2,"name":"Unsere Schule"}]},{"@type":"WebSite","@id":"https:\/\/grundschule-launsbach.de\/startseite-2\/#website","url":"https:\/\/grundschule-launsbach.de\/startseite-2\/","name":"Grundschule Launsbach","description":"Grundschule mit den Schwerpunkten Natur, Gemeinschaft und Kultur","publisher":{"@id":"https:\/\/grundschule-launsbach.de\/startseite-2\/#organization"},"potentialAction":[{"@type":"SearchAction","target":{"@type":"EntryPoint","urlTemplate":"https:\/\/grundschule-launsbach.de\/startseite-2\/?s={search_term_string}"},"query-input":"required name=search_term_string"}],"inLanguage":"de"},{"@type":"Organization","@id":"https:\/\/grundschule-launsbach.de\/startseite-2\/#organization","name":"Grundschule Launsbach","url":"https:\/\/grundschule-launsbach.de\/startseite-2\/","logo":{"@type":"ImageObject","inLanguage":"de","@id":"https:\/\/grundschule-launsbach.de\/startseite-2\/#\/schema\/logo\/image\/","url":"https:\/\/Grundschule-Launsbach.de\/wp-content\/uploads\/2022\/07\/Logo-Launsbach-gelb.png","contentUrl":"https:\/\/Grundschule-Launsbach.de\/wp-content\/uploads\/2022\/07\/Logo-Launsbach-gelb.png","width":250,"height":111,"caption":"Grundschule Launsbach"},"image":{"@id":"https:\/\/grundschule-launsbach.de\/startseite-2\/#\/schema\/logo\/image\/"}}]}},"_links":{"self":[{"href":"https:\/\/grundschule-launsbach.de\/startseite-2\/wp-json\/wp\/v2\/pages\/3529","targetHints":{"allow":["GET"]}}],"collection":[{"href":"https:\/\/grundschule-launsbach.de\/startseite-2\/wp-json\/wp\/v2\/pages"}],"about":[{"href":"https:\/\/grundschule-launsbach.de\/startseite-2\/wp-json\/wp\/v2\/types\/page"}],"author":[{"embeddable":true,"href":"https:\/\/grundschule-launsbach.de\/startseite-2\/wp-json\/wp\/v2\/users\/1"}],"replies":[{"embeddable":true,"href":"https:\/\/grundschule-launsbach.de\/startseite-2\/wp-json\/wp\/v2\/comments?post=3529"}],"version-history":[{"count":14,"href":"https:\/\/grundschule-launsbach.de\/startseite-2\/wp-json\/wp\/v2\/pages\/3529\/revisions"}],"predecessor-version":[{"id":12432,"href":"https:\/\/grundschule-launsbach.de\/startseite-2\/wp-json\/wp\/v2\/pages\/3529\/revisions\/12432"}],"wp:attachment":[{"href":"https:\/\/grundschule-launsbach.de\/startseite-2\/wp-json\/wp\/v2\/media?parent=3529"}],"curies":[{"name":"wp","href":"https:\/\/api.w.org\/{rel}","templated":true}]}}