{"id":4024,"date":"2022-08-21T12:40:15","date_gmt":"2022-08-21T10:40:15","guid":{"rendered":"http:\/\/wp1131520.server-he.de\/?page_id=4024"},"modified":"2025-08-27T07:28:53","modified_gmt":"2025-08-27T05:28:53","slug":"wichtiges","status":"publish","type":"page","link":"https:\/\/grundschule-launsbach.de\/startseite-2\/wichtiges\/","title":{"rendered":"Wichtiges"},"content":{"rendered":"<style>.wp-block-kadence-advancedheading.kt-adv-heading_6b4a4b-9c, .wp-block-kadence-advancedheading.kt-adv-heading_6b4a4b-9c[data-kb-block=\"kb-adv-heading_6b4a4b-9c\"]{font-style:normal;}.wp-block-kadence-advancedheading.kt-adv-heading_6b4a4b-9c mark, .wp-block-kadence-advancedheading.kt-adv-heading_6b4a4b-9c[data-kb-block=\"kb-adv-heading_6b4a4b-9c\"] mark{font-style:normal;color:#f76a0c;padding-top:0px;padding-right:0px;padding-bottom:0px;padding-left:0px;}<\/style>\r\n<h4 class=\"kt-adv-heading_6b4a4b-9c wp-block-kadence-advancedheading\" data-kb-block=\"kb-adv-heading_6b4a4b-9c\" id=\"kontakt-0641-87780019-mobil-0151-53978125-bitte-keine-sms\">Kontakt: 0641-87780019 \/ Mobil: 0151-53978125 (Bitte keine SMS)<\/h4>\r\n\r\n\r\n<style>.wp-block-kadence-advancedheading.kt-adv-heading_273ef5-fe, .wp-block-kadence-advancedheading.kt-adv-heading_273ef5-fe[data-kb-block=\"kb-adv-heading_273ef5-fe\"]{font-style:normal;}.wp-block-kadence-advancedheading.kt-adv-heading_273ef5-fe mark, .wp-block-kadence-advancedheading.kt-adv-heading_273ef5-fe[data-kb-block=\"kb-adv-heading_273ef5-fe\"] mark{font-style:normal;color:#f76a0c;padding-top:0px;padding-right:0px;padding-bottom:0px;padding-left:0px;}<\/style>\r\n<h4 class=\"kt-adv-heading_273ef5-fe wp-block-kadence-advancedheading\" data-kb-block=\"kb-adv-heading_273ef5-fe\" id=\"e-mail-ganztag-at-grundschule-launsbach-com\">E-Mail: ganztag(at)grundschule-launsbach.com<\/h4>\r\n\r\n\r\n\r\n<h4 class=\"wp-block-heading\" id=\"seit-mai-2021-konnen-wir-unser-neues-holzhaus-mit-380-quadratmetern-fur-die-ganztagsbetreuung-nutzen\">Seit Mai 2021 k\u00f6nnen wir unser neues Holzhaus mit 380 Quadratmetern f\u00fcr die Ganztagsbetreuung nutzen.<\/h4>\r\n\r\n\r\n\r\n<p class=\"has-title-color-color has-text-color\">Dort gibt es einen gro\u00dfen <strong>Kreativraum<\/strong>, eine sch\u00f6ne Mensa, eine<strong> Spiel-\u00a0 und Bauecke<\/strong>, den <strong>Toberaum<\/strong> sowie eine<strong> B\u00fccherei<\/strong> mit gem\u00fctlicher <strong>Leseecke<\/strong>.<\/p>\r\n\r\n\r\n<style>.wp-block-kadence-advancedgallery.kb-gallery-wrap-id-_666e26-e8{overflow:hidden;}.kb-gallery-type-carousel.kb-gallery-id-_666e26-e8 .kt-blocks-carousel .kt-blocks-carousel-init{margin:0 -5px;}.kb-gallery-type-carousel.kb-gallery-id-_666e26-e8 .kt-blocks-carousel .kt-blocks-carousel-init .kb-slide-item{padding:4px 5px;}.kb-gallery-type-carousel.kb-gallery-id-_666e26-e8 .kt-blocks-carousel .kt-blocks-carousel-init .slick-prev{left:5px;}.kb-gallery-type-carousel.kb-gallery-id-_666e26-e8 .kt-blocks-carousel .kt-blocks-carousel-init .slick-next{right:5px;}.kb-gallery-id-_666e26-e8 .kadence-blocks-gallery-item .kb-gal-image-radius{border-radius:0px 0px 0px 0px;}.kb-gallery-id-_666e26-e8 .kadence-blocks-gallery-item .kadence-blocks-gallery-item-inner .kadence-blocks-gallery-item__caption{color:#FFFFFF;background:linear-gradient( 0deg, rgba(0, 0, 0, 0.5) 0, rgba(0, 0, 0, 0) 100% );}.kb-gallery-caption-style-cover-hover.kb-gallery-id-_666e26-e8 .kadence-blocks-gallery-item .kadence-blocks-gallery-item-inner .kadence-blocks-gallery-item__caption, .kb-gallery-caption-style-below.kb-gallery-id-_666e26-e8 .kadence-blocks-gallery-item .kadence-blocks-gallery-item-inner .kadence-blocks-gallery-item__caption{background:rgba(0, 0, 0, 0.5);}<\/style>\r\n<div class=\"wp-block-kadence-advancedgallery kb-gallery-wrap-id-_666e26-e8\">\r\n<div class=\"kb-gallery-ul kb-gallery-type-carousel kb-gallery-id-_666e26-e8 kb-gallery-caption-style-bottom-hover kb-gallery-filter-none\" data-image-filter=\"none\" data-lightbox-caption=\"true\">\r\n<div class=\"kt-blocks-carousel kt-carousel-container-dotstyle-dark\">\r\n<div class=\"kt-blocks-carousel-init kb-gallery-carousel kt-carousel-arrowstyle-whiteondark kt-carousel-dotstyle-dark\" data-columns-xxl=\"2\" data-columns-xl=\"2\" data-columns-md=\"2\" data-columns-sm=\"2\" data-columns-xs=\"1\" data-columns-ss=\"1\" data-slider-anim-speed=\"400\" data-slider-scroll=\"all\" data-slider-arrows=\"true\" data-slider-dots=\"true\" data-slider-hover-pause=\"false\" data-slider-auto=\"true\" data-slider-speed=\"7000\">\r\n<div class=\"kb-slide-item kb-gallery-carousel-item\">\r\n<div class=\"kadence-blocks-gallery-item\">\r\n<div class=\"kadence-blocks-gallery-item-inner\">\r\n<figure class=\"kb-gallery-figure kadence-blocks-gallery-item-has-caption kb-has-image-ratio-land169\">\r\n<div class=\"kb-gal-image-radius\">\r\n<div class=\"kb-gallery-image-contain kadence-blocks-gallery-intrinsic kb-gallery-image-ratio-land169\"><img fetchpriority=\"high\" decoding=\"async\" class=\"wp-image-4029 skip-lazy\" src=\"https:\/\/Grundschule-Launsbach.de\/wp-content\/uploads\/2022\/08\/Betreuung-2-1024x594.jpg\" width=\"1024\" height=\"594\" data-full-image=\"https:\/\/Grundschule-Launsbach.de\/wp-content\/uploads\/2022\/08\/Betreuung-2.jpg\" data-light-image=\"https:\/\/Grundschule-Launsbach.de\/wp-content\/uploads\/2022\/08\/Betreuung-2.jpg\" data-id=\"4029\" data-link=\"https:\/\/Grundschule-Launsbach.de\/wichtiges\/betreuung-2\/\" data-custom-link=\"\" data-custom-link-target=\"\" data-sponsored=\"\" srcset=\"https:\/\/Grundschule-Launsbach.de\/wp-content\/uploads\/2022\/08\/Betreuung-2-1024x594.jpg 1024w, https:\/\/Grundschule-Launsbach.de\/wp-content\/uploads\/2022\/08\/Betreuung-2-300x174.jpg 300w, https:\/\/Grundschule-Launsbach.de\/wp-content\/uploads\/2022\/08\/Betreuung-2-768x445.jpg 768w, https:\/\/Grundschule-Launsbach.de\/wp-content\/uploads\/2022\/08\/Betreuung-2-1536x891.jpg 1536w, https:\/\/Grundschule-Launsbach.de\/wp-content\/uploads\/2022\/08\/Betreuung-2.jpg 1600w\" sizes=\"(max-width: 1024px) 100vw, 1024px\" \/><\/div>\r\n<div class=\"kadence-blocks-gallery-item__caption\">Kreativraum<\/div>\r\n<\/div>\r\n<\/figure>\r\n<\/div>\r\n<\/div>\r\n<\/div>\r\n<div class=\"kb-slide-item kb-gallery-carousel-item\">\r\n<div class=\"kadence-blocks-gallery-item\">\r\n<div class=\"kadence-blocks-gallery-item-inner\">\r\n<figure class=\"kb-gallery-figure kadence-blocks-gallery-item-has-caption kb-has-image-ratio-land169\">\r\n<div class=\"kb-gal-image-radius\">\r\n<div class=\"kb-gallery-image-contain kadence-blocks-gallery-intrinsic kb-gallery-image-ratio-land169\"><img decoding=\"async\" class=\"wp-image-4074 skip-lazy\" src=\"https:\/\/Grundschule-Launsbach.de\/wp-content\/uploads\/2022\/08\/Betreuung-Kueche-1024x600.gif\" width=\"1024\" height=\"600\" data-full-image=\"https:\/\/Grundschule-Launsbach.de\/wp-content\/uploads\/2022\/08\/Betreuung-Kueche.gif\" data-light-image=\"https:\/\/Grundschule-Launsbach.de\/wp-content\/uploads\/2022\/08\/Betreuung-Kueche.gif\" data-id=\"4074\" data-link=\"https:\/\/Grundschule-Launsbach.de\/wichtiges\/betreuung-kueche\/\" data-custom-link=\"\" data-custom-link-target=\"\" data-sponsored=\"\" srcset=\"https:\/\/Grundschule-Launsbach.de\/wp-content\/uploads\/2022\/08\/Betreuung-Kueche-1024x600.gif 1024w, https:\/\/Grundschule-Launsbach.de\/wp-content\/uploads\/2022\/08\/Betreuung-Kueche-300x176.gif 300w, https:\/\/Grundschule-Launsbach.de\/wp-content\/uploads\/2022\/08\/Betreuung-Kueche-768x450.gif 768w, https:\/\/Grundschule-Launsbach.de\/wp-content\/uploads\/2022\/08\/Betreuung-Kueche-1536x900.gif 1536w\" sizes=\"(max-width: 1024px) 100vw, 1024px\" \/><\/div>\r\n<div class=\"kadence-blocks-gallery-item__caption\">K\u00fcche<\/div>\r\n<\/div>\r\n<\/figure>\r\n<\/div>\r\n<\/div>\r\n<\/div>\r\n<\/div>\r\n<\/div>\r\n<\/div>\r\n<\/div>\r\n\r\n\r\n\r\n<p>Folgende <strong>Betreuungsm\u00f6glichkeiten<\/strong> stehen Ihnen zur Verf\u00fcgung:<\/p>\r\n\r\n\r\n\r\n<p><strong>Angebot A:<\/strong>\u00a0\u00a07.30 Uhr bis 14.30 Uhr\u00a0\u00a0\u00a0\u00a0\u00a0\u00a0\u00a0\u00a0\u00a060,00 \u20ac\/ Monat zzgl. Essen<\/p>\r\n\r\n\r\n\r\n<p><strong>Angebot B:<\/strong>\u00a0\u00a07.30 Uhr bis 16.30 Uhr\u00a0\u00a0\u00a0\u00a0\u00a0\u00a0\u00a0\u00a0\u00a075,00 \u20ac\/ Monat zzgl. Essen<\/p>\r\n\r\n\r\n\r\n<p>Beide Angebote beinhalten sechs Wochen Ferienbetreuung (immer die\u00a0letzte Woche der Ferien und die letzten drei Wochen der Sommerferien)\u00a0 sowie Betreuung an den Br\u00fcckentagen.<\/p>\r\n\r\n\r\n\r\n<p>Unsere Konzeption des Ganztagsangebots sieht vor, dass sich an den Unterricht der <strong>ersten <\/strong>und <strong>zweiten<\/strong> Klassen an zwei Tagen pro Woche die Spielzeit anschlie\u00dft. Diese findet bei gutem Wetter immer drau\u00dfen statt, und wird meist von den Kindern f\u00fcr freies Spiel genutzt.<\/p>\r\n\r\n\r\n\r\n<figure class=\"wp-block-image size-medium is-resized is-style-default\"><img decoding=\"async\" class=\"wp-image-4072\" src=\"https:\/\/Grundschule-Launsbach.de\/wp-content\/uploads\/2022\/08\/Betreuung-aussen-300x112.gif\" alt=\"Betreuung Aussen\" width=\"485\" height=\"181\" srcset=\"https:\/\/Grundschule-Launsbach.de\/wp-content\/uploads\/2022\/08\/Betreuung-aussen-300x112.gif 300w, https:\/\/Grundschule-Launsbach.de\/wp-content\/uploads\/2022\/08\/Betreuung-aussen-768x287.gif 768w\" sizes=\"(max-width: 485px) 100vw, 485px\" \/><\/figure>\r\n\r\n\r\n\r\n<p>An drei Tagen in der Woche gehen die\u00a0\u00a0Kinder direkt nach der 5. Stunde zum Mittagessen.\u00a0 Das warme Mittagessen wird von Mitarbeitern des Caterers <strong>Appetito<\/strong> zubereitet.<\/p>\r\n\r\n\r\n\r\n<p>Nun k\u00f6nnen die Kinder gest\u00e4rkt in die Lernzeit starten. W\u00e4hrend der Lernzeit ist das Betreuungspersonal anwesend um bei der Erledigung der Hausauf-gaben zu unterst\u00fctzen oder zu f\u00f6rdern. Nach der Lernzeit folgen unsere AG-Angebote der Lehr- und Betreuungskr\u00e4fte, die sich jahreszeitlich bzw. an den Interessen der Kinder orientieren.<\/p>\r\n\r\n\r\n\r\n<p>Auch die Kinder der Klassen <strong>drei<\/strong> und <strong>vier<\/strong> k\u00f6nnen nach Unterrichtsschluss die Spielezeit drinnen oder drau\u00dfen genie\u00dfen und diese Pause nach Ihren Bed\u00fcrfnissen gestalten.\u00a0 In dieser Zeit findet das AG-Angebot f\u00fcr die 3. und 4. Kl\u00e4ssler statt. Auch hier schlie\u00dft sich daran das gemeinsame Essen und die Lernzeit\/Hausaufgabenbetreuung an.<\/p>\r\n\r\n\r\n\r\n<p>Informationen zu AGs finden Sie auf einem <a href=\"https:\/\/Grundschule-Launsbach.de\/wp-content\/uploads\/2025\/08\/Flyer-2025.pdf\">separaten Flyer<\/a>.<\/p>\r\n\r\n\r\n<style>.wp-block-kadence-advancedheading.kt-adv-heading_f0f224-aa, .wp-block-kadence-advancedheading.kt-adv-heading_f0f224-aa[data-kb-block=\"kb-adv-heading_f0f224-aa\"]{font-style:normal;}.wp-block-kadence-advancedheading.kt-adv-heading_f0f224-aa mark, .wp-block-kadence-advancedheading.kt-adv-heading_f0f224-aa[data-kb-block=\"kb-adv-heading_f0f224-aa\"] mark{font-style:normal;color:#f76a0c;padding-top:0px;padding-right:0px;padding-bottom:0px;padding-left:0px;}<\/style>\r\n<p class=\"kt-adv-heading_f0f224-aa wp-block-kadence-advancedheading\" data-kb-block=\"kb-adv-heading_f0f224-aa\">Wir stellen uns vor:<\/p>\r\n\r\n\r\n\r\n<p><strong>Betreuungskoordinatorin:<\/strong> Ruth Sch\u00e4m<\/p>\r\n\r\n\r\n\r\n<p><strong>Vertretung: <\/strong>Pia Kreuzer<\/p>\r\n\r\n\r\n\r\n<p><strong>Ganztagskoordinatorin:<\/strong> Henrike Diehl<\/p>\r\n\r\n\r\n\r\n<p><strong>P\u00e4dagogische Mitarbeiter:\u00a0 <\/strong>Nadine Borutta, Eva Fiedler, Laura Bechthold, Paul Massey, Finn Diehl, Mia Platt, Jasmin Stumpf, Lotta Homeyer,\u00a0\u00a0Nikolaos Tsifotidis,\u00a0 Cigdem \u00dcst\u00fcndag, Violetta Teterin(BFD)<\/p>\r\n\r\n\r\n\r\n<p>&nbsp;<\/p>\r\n\r\n\r\n\r\n<p>&nbsp;<\/p>\r\n","protected":false},"excerpt":{"rendered":"<p>Kontakt: 0641-87780019 \/ Mobil: 0151-53978125 (Bitte keine SMS) E-: ganztag(at)grundschule-launsbach.<br \/>com Seit Mai 2021 k\u00f6nnen wir unser neues Holzhaus mit 380 Quadratmetern f\u00fcr die Ganztagsbetreuung nutzen.<br \/> Dort gibt es einen gro\u00dfen Kreativraum, eine sch\u00f6ne Mensa, eine Spiel-\u00a0 und Bauecke, den Toberaum[\u2026]<\/p>\n","protected":false},"author":1,"featured_media":0,"parent":0,"menu_order":0,"comment_status":"closed","ping_status":"closed","template":"","meta":{"remove_blocks_before_content":false,"remove_blocks_after_content":false,"countdown_timer_date_events":"","om_disable_all_campaigns":false,"kt_blocks_editor_width":"","_monsterinsights_skip_tracking":false,"_monsterinsights_sitenote_active":false,"_monsterinsights_sitenote_note":"","_monsterinsights_sitenote_category":0,"_kadence_starter_templates_imported_post":false,"footnotes":""},"class_list":["post-4024","page","type-page","status-publish","hentry"],"yoast_head":"<!-- This site is optimized with the Yoast SEO plugin v21.8 - https:\/\/yoast.com\/wordpress\/plugins\/seo\/ -->\n<title>Wichtiges - Grundschule Launsbach<\/title>\n<meta name=\"robots\" content=\"index, follow, max-snippet:-1, max-image-preview:large, max-video-preview:-1\" \/>\n<link rel=\"canonical\" href=\"https:\/\/grundschule-launsbach.de\/startseite-2\/wichtiges\/\" \/>\n<meta property=\"og:locale\" content=\"de_DE\" \/>\n<meta property=\"og:type\" content=\"article\" \/>\n<meta property=\"og:title\" content=\"Wichtiges - Grundschule Launsbach\" \/>\n<meta property=\"og:description\" content=\"Kontakt: 0641-87780019 \/ Mobil: 0151-53978125 (Bitte keine SMS) E-: ganztag(at)grundschule-launsbach.com Seit Mai 2021 k\u00f6nnen wir unser neues Holzhaus mit 380 Quadratmetern f\u00fcr die Ganztagsbetreuung nutzen. Dort gibt es einen gro\u00dfen Kreativraum, eine sch\u00f6ne Mensa, eine Spiel-\u00a0 und Bauecke, den Toberaum[\u2026]\" \/>\n<meta property=\"og:url\" content=\"https:\/\/grundschule-launsbach.de\/startseite-2\/wichtiges\/\" \/>\n<meta property=\"og:site_name\" content=\"Grundschule Launsbach\" \/>\n<meta property=\"article:modified_time\" content=\"2025-08-27T05:28:53+00:00\" \/>\n<meta property=\"og:image\" content=\"https:\/\/Grundschule-Launsbach.de\/wp-content\/uploads\/2022\/08\/Betreuung-2-1024x594.jpg\" \/>\n<meta name=\"twitter:card\" content=\"summary_large_image\" \/>\n<meta name=\"twitter:label1\" content=\"Gesch\u00e4tzte Lesezeit\" \/>\n\t<meta name=\"twitter:data1\" content=\"3\u00a0Minuten\" \/>\n<script type=\"application\/ld+json\" class=\"yoast-schema-graph\">{\"@context\":\"https:\/\/schema.org\",\"@graph\":[{\"@type\":\"WebPage\",\"@id\":\"https:\/\/grundschule-launsbach.de\/startseite-2\/wichtiges\/\",\"url\":\"https:\/\/grundschule-launsbach.de\/startseite-2\/wichtiges\/\",\"name\":\"Wichtiges - Grundschule Launsbach\",\"isPartOf\":{\"@id\":\"https:\/\/grundschule-launsbach.de\/startseite-2\/#website\"},\"datePublished\":\"2022-08-21T10:40:15+00:00\",\"dateModified\":\"2025-08-27T05:28:53+00:00\",\"breadcrumb\":{\"@id\":\"https:\/\/grundschule-launsbach.de\/startseite-2\/wichtiges\/#breadcrumb\"},\"inLanguage\":\"de\",\"potentialAction\":[{\"@type\":\"ReadAction\",\"target\":[\"https:\/\/grundschule-launsbach.de\/startseite-2\/wichtiges\/\"]}]},{\"@type\":\"BreadcrumbList\",\"@id\":\"https:\/\/grundschule-launsbach.de\/startseite-2\/wichtiges\/#breadcrumb\",\"itemListElement\":[{\"@type\":\"ListItem\",\"position\":1,\"name\":\"Startseite\",\"item\":\"https:\/\/grundschule-launsbach.de\/startseite-2\/\"},{\"@type\":\"ListItem\",\"position\":2,\"name\":\"Wichtiges\"}]},{\"@type\":\"WebSite\",\"@id\":\"https:\/\/grundschule-launsbach.de\/startseite-2\/#website\",\"url\":\"https:\/\/grundschule-launsbach.de\/startseite-2\/\",\"name\":\"Grundschule Launsbach\",\"description\":\"Grundschule mit den Schwerpunkten Natur, Gemeinschaft und Kultur\",\"publisher\":{\"@id\":\"https:\/\/grundschule-launsbach.de\/startseite-2\/#organization\"},\"potentialAction\":[{\"@type\":\"SearchAction\",\"target\":{\"@type\":\"EntryPoint\",\"urlTemplate\":\"https:\/\/grundschule-launsbach.de\/startseite-2\/?s={search_term_string}\"},\"query-input\":\"required name=search_term_string\"}],\"inLanguage\":\"de\"},{\"@type\":\"Organization\",\"@id\":\"https:\/\/grundschule-launsbach.de\/startseite-2\/#organization\",\"name\":\"Grundschule Launsbach\",\"url\":\"https:\/\/grundschule-launsbach.de\/startseite-2\/\",\"logo\":{\"@type\":\"ImageObject\",\"inLanguage\":\"de\",\"@id\":\"https:\/\/grundschule-launsbach.de\/startseite-2\/#\/schema\/logo\/image\/\",\"url\":\"https:\/\/Grundschule-Launsbach.de\/wp-content\/uploads\/2022\/07\/Logo-Launsbach-gelb.png\",\"contentUrl\":\"https:\/\/Grundschule-Launsbach.de\/wp-content\/uploads\/2022\/07\/Logo-Launsbach-gelb.png\",\"width\":250,\"height\":111,\"caption\":\"Grundschule Launsbach\"},\"image\":{\"@id\":\"https:\/\/grundschule-launsbach.de\/startseite-2\/#\/schema\/logo\/image\/\"}}]}<\/script>\n<!-- \/ Yoast SEO plugin. -->","yoast_head_json":{"title":"Wichtiges - Grundschule Launsbach","robots":{"index":"index","follow":"follow","max-snippet":"max-snippet:-1","max-image-preview":"max-image-preview:large","max-video-preview":"max-video-preview:-1"},"canonical":"https:\/\/grundschule-launsbach.de\/startseite-2\/wichtiges\/","og_locale":"de_DE","og_type":"article","og_title":"Wichtiges - Grundschule Launsbach","og_description":"Kontakt: 0641-87780019 \/ Mobil: 0151-53978125 (Bitte keine SMS) E-: ganztag(at)grundschule-launsbach.com Seit Mai 2021 k\u00f6nnen wir unser neues Holzhaus mit 380 Quadratmetern f\u00fcr die Ganztagsbetreuung nutzen. Dort gibt es einen gro\u00dfen Kreativraum, eine sch\u00f6ne Mensa, eine Spiel-\u00a0 und Bauecke, den Toberaum[\u2026]","og_url":"https:\/\/grundschule-launsbach.de\/startseite-2\/wichtiges\/","og_site_name":"Grundschule Launsbach","article_modified_time":"2025-08-27T05:28:53+00:00","og_image":[{"url":"https:\/\/Grundschule-Launsbach.de\/wp-content\/uploads\/2022\/08\/Betreuung-2-1024x594.jpg"}],"twitter_card":"summary_large_image","twitter_misc":{"Gesch\u00e4tzte Lesezeit":"3\u00a0Minuten"},"schema":{"@context":"https:\/\/schema.org","@graph":[{"@type":"WebPage","@id":"https:\/\/grundschule-launsbach.de\/startseite-2\/wichtiges\/","url":"https:\/\/grundschule-launsbach.de\/startseite-2\/wichtiges\/","name":"Wichtiges - Grundschule Launsbach","isPartOf":{"@id":"https:\/\/grundschule-launsbach.de\/startseite-2\/#website"},"datePublished":"2022-08-21T10:40:15+00:00","dateModified":"2025-08-27T05:28:53+00:00","breadcrumb":{"@id":"https:\/\/grundschule-launsbach.de\/startseite-2\/wichtiges\/#breadcrumb"},"inLanguage":"de","potentialAction":[{"@type":"ReadAction","target":["https:\/\/grundschule-launsbach.de\/startseite-2\/wichtiges\/"]}]},{"@type":"BreadcrumbList","@id":"https:\/\/grundschule-launsbach.de\/startseite-2\/wichtiges\/#breadcrumb","itemListElement":[{"@type":"ListItem","position":1,"name":"Startseite","item":"https:\/\/grundschule-launsbach.de\/startseite-2\/"},{"@type":"ListItem","position":2,"name":"Wichtiges"}]},{"@type":"WebSite","@id":"https:\/\/grundschule-launsbach.de\/startseite-2\/#website","url":"https:\/\/grundschule-launsbach.de\/startseite-2\/","name":"Grundschule Launsbach","description":"Grundschule mit den Schwerpunkten Natur, Gemeinschaft und Kultur","publisher":{"@id":"https:\/\/grundschule-launsbach.de\/startseite-2\/#organization"},"potentialAction":[{"@type":"SearchAction","target":{"@type":"EntryPoint","urlTemplate":"https:\/\/grundschule-launsbach.de\/startseite-2\/?s={search_term_string}"},"query-input":"required name=search_term_string"}],"inLanguage":"de"},{"@type":"Organization","@id":"https:\/\/grundschule-launsbach.de\/startseite-2\/#organization","name":"Grundschule Launsbach","url":"https:\/\/grundschule-launsbach.de\/startseite-2\/","logo":{"@type":"ImageObject","inLanguage":"de","@id":"https:\/\/grundschule-launsbach.de\/startseite-2\/#\/schema\/logo\/image\/","url":"https:\/\/Grundschule-Launsbach.de\/wp-content\/uploads\/2022\/07\/Logo-Launsbach-gelb.png","contentUrl":"https:\/\/Grundschule-Launsbach.de\/wp-content\/uploads\/2022\/07\/Logo-Launsbach-gelb.png","width":250,"height":111,"caption":"Grundschule Launsbach"},"image":{"@id":"https:\/\/grundschule-launsbach.de\/startseite-2\/#\/schema\/logo\/image\/"}}]}},"_links":{"self":[{"href":"https:\/\/grundschule-launsbach.de\/startseite-2\/wp-json\/wp\/v2\/pages\/4024","targetHints":{"allow":["GET"]}}],"collection":[{"href":"https:\/\/grundschule-launsbach.de\/startseite-2\/wp-json\/wp\/v2\/pages"}],"about":[{"href":"https:\/\/grundschule-launsbach.de\/startseite-2\/wp-json\/wp\/v2\/types\/page"}],"author":[{"embeddable":true,"href":"https:\/\/grundschule-launsbach.de\/startseite-2\/wp-json\/wp\/v2\/users\/1"}],"replies":[{"embeddable":true,"href":"https:\/\/grundschule-launsbach.de\/startseite-2\/wp-json\/wp\/v2\/comments?post=4024"}],"version-history":[{"count":29,"href":"https:\/\/grundschule-launsbach.de\/startseite-2\/wp-json\/wp\/v2\/pages\/4024\/revisions"}],"predecessor-version":[{"id":12323,"href":"https:\/\/grundschule-launsbach.de\/startseite-2\/wp-json\/wp\/v2\/pages\/4024\/revisions\/12323"}],"wp:attachment":[{"href":"https:\/\/grundschule-launsbach.de\/startseite-2\/wp-json\/wp\/v2\/media?parent=4024"}],"curies":[{"name":"wp","href":"https:\/\/api.w.org\/{rel}","templated":true}]}}