{"id":4554,"date":"2022-09-15T17:14:33","date_gmt":"2022-09-15T15:14:33","guid":{"rendered":"https:\/\/Grundschule-Launsbach.de\/?page_id=4554"},"modified":"2025-09-08T13:08:27","modified_gmt":"2025-09-08T11:08:27","slug":"foerderverein","status":"publish","type":"page","link":"https:\/\/grundschule-launsbach.de\/startseite-2\/foerderverein\/","title":{"rendered":"F\u00f6rderverein"},"content":{"rendered":"\r\n<figure class=\"wp-block-image size-large is-resized\"><img decoding=\"async\" class=\"wp-image-4150\" src=\"https:\/\/Grundschule-Launsbach.de\/wp-content\/uploads\/2022\/08\/Foerderverein-1-1024x634.jpg\" alt=\"F\u00f6rderverein\" width=\"267\" height=\"164\" srcset=\"https:\/\/Grundschule-Launsbach.de\/wp-content\/uploads\/2022\/08\/Foerderverein-1-1024x634.jpg 1024w, https:\/\/Grundschule-Launsbach.de\/wp-content\/uploads\/2022\/08\/Foerderverein-1-768x475.jpg 768w, https:\/\/Grundschule-Launsbach.de\/wp-content\/uploads\/2022\/08\/Foerderverein-1-1536x950.jpg 1536w, https:\/\/Grundschule-Launsbach.de\/wp-content\/uploads\/2022\/08\/Foerderverein-1-80x50.jpg 80w, https:\/\/Grundschule-Launsbach.de\/wp-content\/uploads\/2022\/08\/Foerderverein-1.jpg 1600w\" sizes=\"(max-width: 267px) 100vw, 267px\" \/><\/figure>\r\n\r\n\r\n\r\n<p>&nbsp;<\/p>\r\n\r\n\r\n\r\n<p>Liebe Eltern und Interessierte,<\/p>\r\n\r\n\r\n\r\n<p>der F\u00f6rderverein Offene Grundschule Launsbach e.V. wurde 1996 gegr\u00fcndet und z\u00e4hlt derzeit rund 73 Mitglieder.<\/p>\r\n\r\n\r\n\r\n<p>Ziel des F\u00f6rdervereins ist es, den Unterrichts- und Erziehungsauftrag der Schule sowohl ideell, als auch materiell und finanziell zu unterst\u00fctzen. Der F\u00f6rderverein \u00fcbernimmt dabei u.a. folgende Aufgaben:<\/p>\r\n\r\n\r\n\r\n<ul class=\"wp-block-list\">\r\n<li>Anschaffung von Lehr- und Lernmitteln, Ausstattungsgegenst\u00e4nden, Pausenspielger\u00e4ten und anderen Sachmitteln, die in Zeiten leerer Kassen vom Schultr\u00e4ger nicht (mehr) finanziert werden k\u00f6nnen<\/li>\r\n\r\n\r\n\r\n<li>Unterst\u00fctzung diverser Schulprojekte wie Theater, Projektwochen u.v.m.<\/li>\r\n\r\n\r\n\r\n<li>Unterst\u00fctzung der Schulb\u00fccherei<\/li>\r\n\r\n\r\n\r\n<li>Mitgestaltung von Veranstaltungen wie z.B. die Verk\u00f6stigung bei Schulfesten\u00a0<\/li>\r\n\r\n\r\n\r\n<li>Unterst\u00fctzung von bed\u00fcrftigen Sch\u00fclerinnen und Sch\u00fclern<\/li>\r\n\r\n\r\n\r\n<li>Akquise von Spenden und Sponsoren<\/li>\r\n\r\n\r\n\r\n<li>Unterst\u00fctzung der schulischen \u00d6ffentlichkeitsarbeit z.B. Mitfinanzierung der Homepage<\/li>\r\n\r\n\r\n\r\n<li>J\u00e4hrliche Hoodie- und T-Shirt \u2013 Aktion<\/li>\r\n<\/ul>\r\n\r\n\r\n\r\n<p>Einiges wurde in der Vergangenheit erreicht, aber es gibt immer noch viele Ideen und W\u00fcnsche, die wir in Zusammenarbeit mit Lehrkr\u00e4ften, Eltern und Kindern umsetzen m\u00f6chten.<\/p>\r\n\r\n\r\n\r\n<p>Haben Sie Ideen und Anregungen? Gerne k\u00f6nnen Sie uns diese per Mail (foerderverein.gs.launsbach@gmail.com) schreiben oder sprechen Sie uns pers\u00f6nlich an.<\/p>\r\n\r\n\r\n\r\n<p>Unterst\u00fctzen Sie unsere Arbeit mit Ihrer tatkr\u00e4ftigen Hilfe bei den diversen Projekten und nat\u00fcrlich mit Ihrer Mitgliedschaft.<\/p>\r\n\r\n\r\n\r\n<p>Wir danken Ihnen daf\u00fcr.<\/p>\r\n\r\n\r\n\r\n<p>Ihr F\u00f6rderverein Offene Grundschule Launsbach e.V.<\/p>\r\n\r\n\r\n\r\n<p>1.Vorsitzende: Franziska Haas<\/p>\r\n\r\n\r\n\r\n<p>2.Vorsitzende: Jiyeon Shin-Tolksdorff<\/p>\r\n\r\n\r\n\r\n<p>Kassenw\u00e4rtin: Mirna Arredondo Espinosa<\/p>\r\n\r\n\r\n\r\n<p>Schriftf\u00fchrerin: Anna Hubenschmid<\/p>\r\n\r\n\r\n\r\n<p>Beisitzerin: Lea Hovestadt, Lehrerin an der Grundschule Launsbach<\/p>\r\n\r\n\r\n\r\n<p>Kontakt: foerderverein.gs.launsbach@gmail.com<\/p>\r\n\r\n\r\n\r\n<div class=\"wp-block-columns is-layout-flex wp-container-core-columns-is-layout-9d6595d7 wp-block-columns-is-layout-flex\">\r\n<div class=\"wp-block-column is-layout-flow wp-block-column-is-layout-flow\"><style>.kb-image_cc6682-c4.kb-image-is-ratio-size, .kb-image_cc6682-c4 .kb-image-is-ratio-size{max-width:164px;width:100%;}.wp-block-kadence-column > .kt-inside-inner-col > .kb-image_cc6682-c4.kb-image-is-ratio-size, .wp-block-kadence-column > .kt-inside-inner-col > .kb-image_cc6682-c4 .kb-image-is-ratio-size{align-self:unset;}.kb-image_cc6682-c4{max-width:164px;}.image-is-svg.kb-image_cc6682-c4{-webkit-flex:0 1 100%;flex:0 1 100%;}.image-is-svg.kb-image_cc6682-c4 img{width:100%;}.kb-image_cc6682-c4 .kb-image-has-overlay:after{opacity:0.3;}<\/style>\r\n<figure class=\"wp-block-kadence-image kb-image_cc6682-c4 size-large\"><br>\r\n<figcaption>Emily Tromm<\/figcaption>\r\n<\/figure>\r\n<\/div>\r\n\r\n\r\n\r\n<div class=\"wp-block-column is-layout-flow wp-block-column-is-layout-flow\"><style>.kb-image_756b2a-d6.kb-image-is-ratio-size, .kb-image_756b2a-d6 .kb-image-is-ratio-size{max-width:169px;width:100%;}.wp-block-kadence-column > .kt-inside-inner-col > .kb-image_756b2a-d6.kb-image-is-ratio-size, .wp-block-kadence-column > .kt-inside-inner-col > .kb-image_756b2a-d6 .kb-image-is-ratio-size{align-self:unset;}.kb-image_756b2a-d6{max-width:169px;}.image-is-svg.kb-image_756b2a-d6{-webkit-flex:0 1 100%;flex:0 1 100%;}.image-is-svg.kb-image_756b2a-d6 img{width:100%;}.kb-image_756b2a-d6 .kb-image-has-overlay:after{opacity:0.3;}<\/style>\r\n<figure class=\"wp-block-kadence-image kb-image_756b2a-d6 size-large\"><img decoding=\"async\" class=\"kb-img wp-image-4881\" src=\"https:\/\/Grundschule-Launsbach.de\/wp-content\/uploads\/2022\/11\/Ji-Yeon-Shin-Tolksdorff-682x1024.jpg\" alt=\"\" width=\"110\" height=\"165\" srcset=\"https:\/\/Grundschule-Launsbach.de\/wp-content\/uploads\/2022\/11\/Ji-Yeon-Shin-Tolksdorff-682x1024.jpg 682w, https:\/\/Grundschule-Launsbach.de\/wp-content\/uploads\/2022\/11\/Ji-Yeon-Shin-Tolksdorff-200x300.jpg 200w, https:\/\/Grundschule-Launsbach.de\/wp-content\/uploads\/2022\/11\/Ji-Yeon-Shin-Tolksdorff-768x1152.jpg 768w, https:\/\/Grundschule-Launsbach.de\/wp-content\/uploads\/2022\/11\/Ji-Yeon-Shin-Tolksdorff-1024x1536.jpg 1024w, https:\/\/Grundschule-Launsbach.de\/wp-content\/uploads\/2022\/11\/Ji-Yeon-Shin-Tolksdorff.jpg 1101w\" sizes=\"(max-width: 110px) 100vw, 110px\" \/>\r\n<figcaption>Jiyeon Shin-Tolksdorff<\/figcaption>\r\n<\/figure>\r\n<\/div>\r\n\r\n\r\n\r\n<div class=\"wp-block-column is-layout-flow wp-block-column-is-layout-flow\"><style>.kb-image_6c7451-86.kb-image-is-ratio-size, .kb-image_6c7451-86 .kb-image-is-ratio-size{max-width:169px;width:100%;}.wp-block-kadence-column > .kt-inside-inner-col > .kb-image_6c7451-86.kb-image-is-ratio-size, .wp-block-kadence-column > .kt-inside-inner-col > .kb-image_6c7451-86 .kb-image-is-ratio-size{align-self:unset;}.kb-image_6c7451-86{max-width:169px;}.image-is-svg.kb-image_6c7451-86{-webkit-flex:0 1 100%;flex:0 1 100%;}.image-is-svg.kb-image_6c7451-86 img{width:100%;}.kb-image_6c7451-86 .kb-image-has-overlay:after{opacity:0.3;}<\/style>\r\n<figure class=\"wp-block-kadence-image kb-image_6c7451-86 size-large\">\r\n<figcaption>Anna Hubenschmid<\/figcaption>\r\n<\/figure>\r\n<\/div>\r\n<\/div>\r\n","protected":false},"excerpt":{"rendered":"<p>&nbsp; Liebe Eltern und Interessierte, der F\u00f6rderverein Offene Grundschule Launsbach e.<br \/>V.<br \/> wurde 1996 gegr\u00fcndet und z\u00e4hlt derzeit rund 73 Mitglieder.<br \/> Ziel des F\u00f6rdervereins ist es, den Unterrichts- und Erziehungsauftrag der Schule sowohl ideell, als auch materiell und finanziell zu unterst\u00fctzen.<br \/>[\u2026]<\/p>\n","protected":false},"author":1,"featured_media":0,"parent":0,"menu_order":0,"comment_status":"closed","ping_status":"closed","template":"","meta":{"remove_blocks_before_content":false,"remove_blocks_after_content":false,"countdown_timer_date_events":"","om_disable_all_campaigns":false,"kt_blocks_editor_width":"","_monsterinsights_skip_tracking":false,"_monsterinsights_sitenote_active":false,"_monsterinsights_sitenote_note":"","_monsterinsights_sitenote_category":0,"_kadence_starter_templates_imported_post":false,"footnotes":""},"class_list":["post-4554","page","type-page","status-publish","hentry"],"yoast_head":"<!-- This site is optimized with the Yoast SEO plugin v21.8 - https:\/\/yoast.com\/wordpress\/plugins\/seo\/ -->\n<title>F\u00f6rderverein - Grundschule Launsbach<\/title>\n<meta name=\"robots\" content=\"index, follow, max-snippet:-1, max-image-preview:large, max-video-preview:-1\" \/>\n<link rel=\"canonical\" href=\"https:\/\/grundschule-launsbach.de\/startseite-2\/foerderverein\/\" \/>\n<meta property=\"og:locale\" content=\"de_DE\" \/>\n<meta property=\"og:type\" content=\"article\" \/>\n<meta property=\"og:title\" content=\"F\u00f6rderverein - Grundschule Launsbach\" \/>\n<meta property=\"og:description\" content=\"&nbsp; Liebe Eltern und Interessierte, der F\u00f6rderverein Offene Grundschule Launsbach e.V. wurde 1996 gegr\u00fcndet und z\u00e4hlt derzeit rund 73 Mitglieder. Ziel des F\u00f6rdervereins ist es, den Unterrichts- und Erziehungsauftrag der Schule sowohl ideell, als auch materiell und finanziell zu unterst\u00fctzen.[\u2026]\" \/>\n<meta property=\"og:url\" content=\"https:\/\/grundschule-launsbach.de\/startseite-2\/foerderverein\/\" \/>\n<meta property=\"og:site_name\" content=\"Grundschule Launsbach\" \/>\n<meta property=\"article:modified_time\" content=\"2025-09-08T11:08:27+00:00\" \/>\n<meta property=\"og:image\" content=\"https:\/\/Grundschule-Launsbach.de\/wp-content\/uploads\/2022\/08\/Foerderverein-1-1024x634.jpg\" \/>\n<meta name=\"twitter:card\" content=\"summary_large_image\" \/>\n<meta name=\"twitter:label1\" content=\"Gesch\u00e4tzte Lesezeit\" \/>\n\t<meta name=\"twitter:data1\" content=\"2\u00a0Minuten\" \/>\n<script type=\"application\/ld+json\" class=\"yoast-schema-graph\">{\"@context\":\"https:\/\/schema.org\",\"@graph\":[{\"@type\":\"WebPage\",\"@id\":\"https:\/\/grundschule-launsbach.de\/startseite-2\/foerderverein\/\",\"url\":\"https:\/\/grundschule-launsbach.de\/startseite-2\/foerderverein\/\",\"name\":\"F\u00f6rderverein - Grundschule Launsbach\",\"isPartOf\":{\"@id\":\"https:\/\/grundschule-launsbach.de\/startseite-2\/#website\"},\"datePublished\":\"2022-09-15T15:14:33+00:00\",\"dateModified\":\"2025-09-08T11:08:27+00:00\",\"breadcrumb\":{\"@id\":\"https:\/\/grundschule-launsbach.de\/startseite-2\/foerderverein\/#breadcrumb\"},\"inLanguage\":\"de\",\"potentialAction\":[{\"@type\":\"ReadAction\",\"target\":[\"https:\/\/grundschule-launsbach.de\/startseite-2\/foerderverein\/\"]}]},{\"@type\":\"BreadcrumbList\",\"@id\":\"https:\/\/grundschule-launsbach.de\/startseite-2\/foerderverein\/#breadcrumb\",\"itemListElement\":[{\"@type\":\"ListItem\",\"position\":1,\"name\":\"Startseite\",\"item\":\"https:\/\/grundschule-launsbach.de\/startseite-2\/\"},{\"@type\":\"ListItem\",\"position\":2,\"name\":\"F\u00f6rderverein\"}]},{\"@type\":\"WebSite\",\"@id\":\"https:\/\/grundschule-launsbach.de\/startseite-2\/#website\",\"url\":\"https:\/\/grundschule-launsbach.de\/startseite-2\/\",\"name\":\"Grundschule Launsbach\",\"description\":\"Grundschule mit den Schwerpunkten Natur, Gemeinschaft und Kultur\",\"publisher\":{\"@id\":\"https:\/\/grundschule-launsbach.de\/startseite-2\/#organization\"},\"potentialAction\":[{\"@type\":\"SearchAction\",\"target\":{\"@type\":\"EntryPoint\",\"urlTemplate\":\"https:\/\/grundschule-launsbach.de\/startseite-2\/?s={search_term_string}\"},\"query-input\":\"required name=search_term_string\"}],\"inLanguage\":\"de\"},{\"@type\":\"Organization\",\"@id\":\"https:\/\/grundschule-launsbach.de\/startseite-2\/#organization\",\"name\":\"Grundschule Launsbach\",\"url\":\"https:\/\/grundschule-launsbach.de\/startseite-2\/\",\"logo\":{\"@type\":\"ImageObject\",\"inLanguage\":\"de\",\"@id\":\"https:\/\/grundschule-launsbach.de\/startseite-2\/#\/schema\/logo\/image\/\",\"url\":\"https:\/\/Grundschule-Launsbach.de\/wp-content\/uploads\/2022\/07\/Logo-Launsbach-gelb.png\",\"contentUrl\":\"https:\/\/Grundschule-Launsbach.de\/wp-content\/uploads\/2022\/07\/Logo-Launsbach-gelb.png\",\"width\":250,\"height\":111,\"caption\":\"Grundschule Launsbach\"},\"image\":{\"@id\":\"https:\/\/grundschule-launsbach.de\/startseite-2\/#\/schema\/logo\/image\/\"}}]}<\/script>\n<!-- \/ Yoast SEO plugin. -->","yoast_head_json":{"title":"F\u00f6rderverein - Grundschule Launsbach","robots":{"index":"index","follow":"follow","max-snippet":"max-snippet:-1","max-image-preview":"max-image-preview:large","max-video-preview":"max-video-preview:-1"},"canonical":"https:\/\/grundschule-launsbach.de\/startseite-2\/foerderverein\/","og_locale":"de_DE","og_type":"article","og_title":"F\u00f6rderverein - Grundschule Launsbach","og_description":"&nbsp; Liebe Eltern und Interessierte, der F\u00f6rderverein Offene Grundschule Launsbach e.V. wurde 1996 gegr\u00fcndet und z\u00e4hlt derzeit rund 73 Mitglieder. Ziel des F\u00f6rdervereins ist es, den Unterrichts- und Erziehungsauftrag der Schule sowohl ideell, als auch materiell und finanziell zu unterst\u00fctzen.[\u2026]","og_url":"https:\/\/grundschule-launsbach.de\/startseite-2\/foerderverein\/","og_site_name":"Grundschule Launsbach","article_modified_time":"2025-09-08T11:08:27+00:00","og_image":[{"url":"https:\/\/Grundschule-Launsbach.de\/wp-content\/uploads\/2022\/08\/Foerderverein-1-1024x634.jpg"}],"twitter_card":"summary_large_image","twitter_misc":{"Gesch\u00e4tzte Lesezeit":"2\u00a0Minuten"},"schema":{"@context":"https:\/\/schema.org","@graph":[{"@type":"WebPage","@id":"https:\/\/grundschule-launsbach.de\/startseite-2\/foerderverein\/","url":"https:\/\/grundschule-launsbach.de\/startseite-2\/foerderverein\/","name":"F\u00f6rderverein - Grundschule Launsbach","isPartOf":{"@id":"https:\/\/grundschule-launsbach.de\/startseite-2\/#website"},"datePublished":"2022-09-15T15:14:33+00:00","dateModified":"2025-09-08T11:08:27+00:00","breadcrumb":{"@id":"https:\/\/grundschule-launsbach.de\/startseite-2\/foerderverein\/#breadcrumb"},"inLanguage":"de","potentialAction":[{"@type":"ReadAction","target":["https:\/\/grundschule-launsbach.de\/startseite-2\/foerderverein\/"]}]},{"@type":"BreadcrumbList","@id":"https:\/\/grundschule-launsbach.de\/startseite-2\/foerderverein\/#breadcrumb","itemListElement":[{"@type":"ListItem","position":1,"name":"Startseite","item":"https:\/\/grundschule-launsbach.de\/startseite-2\/"},{"@type":"ListItem","position":2,"name":"F\u00f6rderverein"}]},{"@type":"WebSite","@id":"https:\/\/grundschule-launsbach.de\/startseite-2\/#website","url":"https:\/\/grundschule-launsbach.de\/startseite-2\/","name":"Grundschule Launsbach","description":"Grundschule mit den Schwerpunkten Natur, Gemeinschaft und Kultur","publisher":{"@id":"https:\/\/grundschule-launsbach.de\/startseite-2\/#organization"},"potentialAction":[{"@type":"SearchAction","target":{"@type":"EntryPoint","urlTemplate":"https:\/\/grundschule-launsbach.de\/startseite-2\/?s={search_term_string}"},"query-input":"required name=search_term_string"}],"inLanguage":"de"},{"@type":"Organization","@id":"https:\/\/grundschule-launsbach.de\/startseite-2\/#organization","name":"Grundschule Launsbach","url":"https:\/\/grundschule-launsbach.de\/startseite-2\/","logo":{"@type":"ImageObject","inLanguage":"de","@id":"https:\/\/grundschule-launsbach.de\/startseite-2\/#\/schema\/logo\/image\/","url":"https:\/\/Grundschule-Launsbach.de\/wp-content\/uploads\/2022\/07\/Logo-Launsbach-gelb.png","contentUrl":"https:\/\/Grundschule-Launsbach.de\/wp-content\/uploads\/2022\/07\/Logo-Launsbach-gelb.png","width":250,"height":111,"caption":"Grundschule Launsbach"},"image":{"@id":"https:\/\/grundschule-launsbach.de\/startseite-2\/#\/schema\/logo\/image\/"}}]}},"_links":{"self":[{"href":"https:\/\/grundschule-launsbach.de\/startseite-2\/wp-json\/wp\/v2\/pages\/4554","targetHints":{"allow":["GET"]}}],"collection":[{"href":"https:\/\/grundschule-launsbach.de\/startseite-2\/wp-json\/wp\/v2\/pages"}],"about":[{"href":"https:\/\/grundschule-launsbach.de\/startseite-2\/wp-json\/wp\/v2\/types\/page"}],"author":[{"embeddable":true,"href":"https:\/\/grundschule-launsbach.de\/startseite-2\/wp-json\/wp\/v2\/users\/1"}],"replies":[{"embeddable":true,"href":"https:\/\/grundschule-launsbach.de\/startseite-2\/wp-json\/wp\/v2\/comments?post=4554"}],"version-history":[{"count":10,"href":"https:\/\/grundschule-launsbach.de\/startseite-2\/wp-json\/wp\/v2\/pages\/4554\/revisions"}],"predecessor-version":[{"id":12450,"href":"https:\/\/grundschule-launsbach.de\/startseite-2\/wp-json\/wp\/v2\/pages\/4554\/revisions\/12450"}],"wp:attachment":[{"href":"https:\/\/grundschule-launsbach.de\/startseite-2\/wp-json\/wp\/v2\/media?parent=4554"}],"curies":[{"name":"wp","href":"https:\/\/api.w.org\/{rel}","templated":true}]}}